{"id":1124,"date":"2024-07-10T11:39:51","date_gmt":"2024-07-10T08:39:51","guid":{"rendered":"https:\/\/evabaits.fi\/?page_id=1124"},"modified":"2025-06-03T19:07:00","modified_gmt":"2025-06-03T16:07:00","slug":"ostoskori","status":"publish","type":"page","link":"https:\/\/evabaits.fi\/en\/ostoskori\/","title":{"rendered":"Ostoskori"},"content":{"rendered":"<div data-elementor-type=\"wp-page\" data-elementor-id=\"1124\" class=\"elementor elementor-1124\" data-elementor-post-type=\"page\">\n\t\t\t\t<div data-particle_enable=\"false\" data-particle-mobile-disabled=\"false\" class=\"elementor-element elementor-element-582c138 e-flex e-con-boxed e-con e-parent\" data-id=\"582c138\" data-element_type=\"container\" data-e-type=\"container\" data-settings=\"{&quot;background_background&quot;:&quot;classic&quot;}\">\n\t\t\t\t\t<div class=\"e-con-inner\">\n\t\t\t\t<div class=\"elementor-element elementor-element-459112ac elementor-widget elementor-widget-heading\" data-id=\"459112ac\" data-element_type=\"widget\" data-e-type=\"widget\" data-widget_type=\"heading.default\">\n\t\t\t\t<div class=\"elementor-widget-container\">\n\t\t\t\t\t<h2 class=\"elementor-heading-title elementor-size-default\">Check the products of your shopping cart and proceed to checkout.<\/h2>\t\t\t\t<\/div>\n\t\t\t\t<\/div>\n\t\t\t\t<div class=\"elementor-element elementor-element-4e95ce2b elementor-widget elementor-widget-text-editor\" data-id=\"4e95ce2b\" data-element_type=\"widget\" data-e-type=\"widget\" data-widget_type=\"text-editor.default\">\n\t\t\t\t<div class=\"elementor-widget-container\">\n\t\t\t\t\t\t\t\t\t<p>Please make sure that the products you want are in your shopping cart. Shipping costs will be calculated at checkout after you have entered your shipping information.<\/p>\t\t\t\t\t\t\t\t<\/div>\n\t\t\t\t<\/div>\n\t\t\t\t<div class=\"elementor-element elementor-element-78046cdf elementor-widget elementor-widget-eael-woo-cart\" data-id=\"78046cdf\" data-element_type=\"widget\" data-e-type=\"widget\" data-settings=\"{&quot;eael_woo_cart_table_components_remove_icon&quot;:{&quot;value&quot;:&quot;fas fa-times&quot;,&quot;library&quot;:&quot;fa-solid&quot;},&quot;eael_woo_cart_components_continue_shopping_icon&quot;:{&quot;value&quot;:&quot;fas fa-chevron-left&quot;,&quot;library&quot;:&quot;fa-solid&quot;}}\" data-widget_type=\"eael-woo-cart.default\">\n\t\t\t\t<div class=\"elementor-widget-container\">\n\t\t\t\t\t\t\t\t\t<div class=\"eael-woo-cart-wrapper eael-woo-cart-empty eael-woo-style-2 eael-auto-update33\">\n\t\t\t\t<div class=\"woocommerce-notices-wrapper\"><\/div><div class=\"wc-empty-cart-message\">\n\t<div class=\"cart-empty woocommerce-info\" role=\"status\">\n\t\tOstoskorisi on tyhj\u00e4!\t<\/div>\n<\/div>\t<p class=\"return-to-shop\">\n\t\t<a class=\"button wc-backward\" href=\"https:\/\/evabaits.fi\/en\/kauppa\/\">\n\t\t\tReturn to shop\t\t<\/a>\n\t<\/p>\n                <\/div>\n\t\t\t\t        <script>document.body.classList.add(\"eael-woo-cart\");<\/script>\n\t\t\t\t\t\t<\/div>\n\t\t\t\t<\/div>\n\t\t\t\t\t<\/div>\n\t\t\t\t<\/div>\n\t\t\t\t<\/div>","protected":false},"excerpt":{"rendered":"<p>Tarkista ostoskorisi sis\u00e4lt\u00f6 ja jatka kassalle Varmistathan, ett\u00e4 ostoskorista l\u00f6ytyy haluamasi tuotteet. Toimituskulut lasketaan kassalla, kun olet sy\u00f6tt\u00e4nyt toimitustiedot. Tuotteet Hinta M\u00e4\u00e4r\u00e4 Summa Bream 25cm Paddle Tail &#8211; Red\/Black&nbsp; v\u00e4ri: Red\/Black 13,50&nbsp;&euro; Bream 25cm Paddle Tail &#8211; Red\/Black quantity 13,50&nbsp;&euro; Coupon: Lis\u00e4\u00e4 kuponki Jatko ostoksia P\u00e4ivit\u00e4 ostoskori Siirry kassalle<\/p>","protected":false},"author":1,"featured_media":0,"parent":0,"menu_order":0,"comment_status":"closed","ping_status":"closed","template":"","meta":{"footnotes":""},"class_list":["post-1124","page","type-page","status-publish","hentry"],"_links":{"self":[{"href":"https:\/\/evabaits.fi\/en\/wp-json\/wp\/v2\/pages\/1124","targetHints":{"allow":["GET"]}}],"collection":[{"href":"https:\/\/evabaits.fi\/en\/wp-json\/wp\/v2\/pages"}],"about":[{"href":"https:\/\/evabaits.fi\/en\/wp-json\/wp\/v2\/types\/page"}],"author":[{"embeddable":true,"href":"https:\/\/evabaits.fi\/en\/wp-json\/wp\/v2\/users\/1"}],"replies":[{"embeddable":true,"href":"https:\/\/evabaits.fi\/en\/wp-json\/wp\/v2\/comments?post=1124"}],"version-history":[{"count":20,"href":"https:\/\/evabaits.fi\/en\/wp-json\/wp\/v2\/pages\/1124\/revisions"}],"predecessor-version":[{"id":4975,"href":"https:\/\/evabaits.fi\/en\/wp-json\/wp\/v2\/pages\/1124\/revisions\/4975"}],"wp:attachment":[{"href":"https:\/\/evabaits.fi\/en\/wp-json\/wp\/v2\/media?parent=1124"}],"curies":[{"name":"wp","href":"https:\/\/api.w.org\/{rel}","templated":true}]}}