{"id":51,"date":"2024-06-04T09:28:29","date_gmt":"2024-06-04T09:28:29","guid":{"rendered":"https:\/\/evabaits.fi\/?page_id=51"},"modified":"2024-11-12T21:19:37","modified_gmt":"2024-11-12T19:19:37","slug":"evasteet","status":"publish","type":"page","link":"https:\/\/evabaits.fi\/en\/evasteet\/","title":{"rendered":"Cookies"},"content":{"rendered":"<div data-elementor-type=\"wp-page\" data-elementor-id=\"51\" class=\"elementor elementor-51\" data-elementor-post-type=\"page\">\n\t\t\t\t<div data-particle_enable=\"false\" data-particle-mobile-disabled=\"false\" class=\"elementor-element elementor-element-ece1f88 e-flex e-con-boxed e-con e-parent\" data-id=\"ece1f88\" data-element_type=\"container\" data-e-type=\"container\">\n\t\t\t\t\t<div class=\"e-con-inner\">\n\t\t\t\t<div class=\"elementor-element elementor-element-3667f26 elementor-widget elementor-widget-text-editor\" data-id=\"3667f26\" data-element_type=\"widget\" data-e-type=\"widget\" data-widget_type=\"text-editor.default\">\n\t\t\t\t<div class=\"elementor-widget-container\">\n\t\t\t\t\t\t\t\t\t<h1>Cookie Policy<\/h1><p>Last Updated: 10.7.2024 \/ Jami Tauniharju<\/p><p>Welcome to the Eva Baits online store! We use cookies to improve your user experience, analyze website traffic, and target our advertising. This cookie policy explains how and why we use cookies.<\/p><h2>What Are Cookies?<\/h2><p>Cookies are small text files stored on your computer or mobile device when you visit a website. They allow the website to remember your actions and preferences (such as login details, language, font size, and other display preferences) over a certain period so that you don't need to set them again when you return to the site or browse from one page to another.<\/p><h2>How Do We Use Cookies?<\/h2><p>Niilo Lahti Tmi uses cookies for the following purposes:<\/p><ul><li><strong>Necessary Cookies:<\/strong>These cookies are essential for the basic functionalities of the website and are always enabled.<\/li><li><strong>Performance and Analytics Cookies:<\/strong>These cookies collect information on how visitors use the website, such as which pages they visit the most. We use this information to improve the site.<\/li><li><strong>Functional Cookies:<\/strong>These cookies help the website remember your preferences (such as login, language, and region) and offer enhanced, personalized features.<\/li><li><strong>Advertising and Targeting Cookies:<\/strong>These cookies are used to display personalized ads based on your browsing history.<\/li><\/ul><h2>What Cookies Do We Use?<\/h2><p>We use cookies from Google services on our website.<\/p><p>The Google Analytics service we use helps us understand how visitors interact with the website, allowing us to improve our site. Google Analytics uses cookies to collect data for analysis.\u00a0\u00a0<\/p><h2>Manage Your Cookie Preferences<\/h2><p>You can manage and\/or delete cookies freely. You can delete all cookies stored on your device and set most browsers to prevent them from being placed. However, if you do this, you may need to adjust some preferences manually each time you visit a site, and some services and functionalities may not work.<\/p><p>You can manage your cookie preferences by clicking the CookieBot icon on our website and adjusting your settings.<\/p><h2>Contact Information<\/h2><p>If you have any questions about our cookie policy, please contact us at: info@evabaits.fi<\/p>\t\t\t\t\t\t\t\t<\/div>\n\t\t\t\t<\/div>\n\t\t\t\t<div class=\"elementor-element elementor-element-9868650 elementor-widget elementor-widget-heading\" data-id=\"9868650\" data-element_type=\"widget\" data-e-type=\"widget\" data-widget_type=\"heading.default\">\n\t\t\t\t<div class=\"elementor-widget-container\">\n\t\t\t\t\t<h2 class=\"elementor-heading-title elementor-size-default\">Ev\u00e4stetiedot:<\/h2>\t\t\t\t<\/div>\n\t\t\t\t<\/div>\n\t\t\t\t<div class=\"elementor-element elementor-element-0a5e1f2 elementor-widget elementor-widget-html\" data-id=\"0a5e1f2\" data-element_type=\"widget\" data-e-type=\"widget\" data-widget_type=\"html.default\">\n\t\t\t\t<div class=\"elementor-widget-container\">\n\t\t\t\t\t<script id=\"CookieDeclaration\" src=\"https:\/\/consent.cookiebot.com\/740fcd38-37a0-4a4b-8831-f4deaa8b28dc\/cd.js\" type=\"text\/javascript\" async><\/script>\t\t\t\t<\/div>\n\t\t\t\t<\/div>\n\t\t\t\t\t<\/div>\n\t\t\t\t<\/div>\n\t\t\t\t<\/div>","protected":false},"excerpt":{"rendered":"<p>Ev\u00e4stek\u00e4yt\u00e4nt\u00f6 Viimeksi p\u00e4ivitetty: 10.7.2024 \/ Jami Tauniharju Tervetuloa Ev\u00e4 Baits verkkokauppaan! K\u00e4yt\u00e4mme ev\u00e4steit\u00e4 parantaaksemme k\u00e4ytt\u00f6kokemustasi, analysoidaksemme verkkosivuston liikennett\u00e4 ja kohdentaaksemme mainontaa. T\u00e4m\u00e4 ev\u00e4stek\u00e4yt\u00e4nt\u00f6 selitt\u00e4\u00e4, miten ja miksi k\u00e4yt\u00e4mme ev\u00e4steit\u00e4. Mit\u00e4 ev\u00e4steet ovat? Ev\u00e4steet ovat pieni\u00e4 tekstitiedostoja, jotka verkkosivusto tallentaa tietokoneellesi tai mobiililaitteellesi, kun vierailet sivustolla. Ne mahdollistavat verkkosivuston muistamaan toimintasi ja asetuksesi (kuten kirjautumisen, kielen, [&hellip;]<\/p>\n","protected":false},"author":1,"featured_media":0,"parent":0,"menu_order":0,"comment_status":"closed","ping_status":"closed","template":"","meta":{"footnotes":""},"class_list":["post-51","page","type-page","status-publish","hentry"],"_links":{"self":[{"href":"https:\/\/evabaits.fi\/en\/wp-json\/wp\/v2\/pages\/51","targetHints":{"allow":["GET"]}}],"collection":[{"href":"https:\/\/evabaits.fi\/en\/wp-json\/wp\/v2\/pages"}],"about":[{"href":"https:\/\/evabaits.fi\/en\/wp-json\/wp\/v2\/types\/page"}],"author":[{"embeddable":true,"href":"https:\/\/evabaits.fi\/en\/wp-json\/wp\/v2\/users\/1"}],"replies":[{"embeddable":true,"href":"https:\/\/evabaits.fi\/en\/wp-json\/wp\/v2\/comments?post=51"}],"version-history":[{"count":20,"href":"https:\/\/evabaits.fi\/en\/wp-json\/wp\/v2\/pages\/51\/revisions"}],"predecessor-version":[{"id":3421,"href":"https:\/\/evabaits.fi\/en\/wp-json\/wp\/v2\/pages\/51\/revisions\/3421"}],"wp:attachment":[{"href":"https:\/\/evabaits.fi\/en\/wp-json\/wp\/v2\/media?parent=51"}],"curies":[{"name":"wp","href":"https:\/\/api.w.org\/{rel}","templated":true}]}}