{"id":53,"date":"2024-06-04T09:52:37","date_gmt":"2024-06-04T09:52:37","guid":{"rendered":"https:\/\/evabaits.fi\/?page_id=53"},"modified":"2025-09-12T00:39:09","modified_gmt":"2025-09-11T21:39:09","slug":"toimitus-ja-maksuehdot","status":"publish","type":"page","link":"https:\/\/evabaits.fi\/en\/toimitus-ja-maksuehdot\/","title":{"rendered":"Delivery and Payment Terms"},"content":{"rendered":"<div data-elementor-type=\"wp-page\" data-elementor-id=\"53\" class=\"elementor elementor-53\" data-elementor-post-type=\"page\">\n\t\t\t\t<div data-particle_enable=\"false\" data-particle-mobile-disabled=\"false\" class=\"elementor-element elementor-element-2c9553a e-flex e-con-boxed e-con e-parent\" data-id=\"2c9553a\" data-element_type=\"container\" data-e-type=\"container\">\n\t\t\t\t\t<div class=\"e-con-inner\">\n\t\t\t\t<div class=\"elementor-element elementor-element-10ce6be elementor-widget elementor-widget-heading\" data-id=\"10ce6be\" data-element_type=\"widget\" data-e-type=\"widget\" data-widget_type=\"heading.default\">\n\t\t\t\t<div class=\"elementor-widget-container\">\n\t\t\t\t\t<h2 class=\"elementor-heading-title elementor-size-default\">Delivery and Payment Terms<\/h2>\t\t\t\t<\/div>\n\t\t\t\t<\/div>\n\t\t\t\t<div class=\"elementor-element elementor-element-cf61403 elementor-widget elementor-widget-text-editor\" data-id=\"cf61403\" data-element_type=\"widget\" data-e-type=\"widget\" data-widget_type=\"text-editor.default\">\n\t\t\t\t<div class=\"elementor-widget-container\">\n\t\t\t\t\t\t\t\t\t<p><strong>Delivery Time<\/strong><\/p><p>Products are always delivered as quickly as possible after the order confirmation is received. The delivery time depends on the shipping company you choose.\u00a0<\/p><p>The typical delivery time within Finland is <strong>2-5 working days.<\/strong>.<\/p><p>The delivery time outside Finland is <strong>4-8 working days.<\/strong>.\u00a0<\/p><p>We are not responsible for delays caused by shipping companies or any inconvenience resulting from such delays.<\/p><p><strong>Delivery Method<\/strong><\/p><p>Products are delivered using the method chosen by the customer from the Ev\u00e4 Baits warehouse. You will receive a notification via email when the product is available for pickup or has arrived.<\/p><p>Our partner, Shipit Oy Ab, handles the shipment coordination, and the following delivery companies are used:<\/p><p>Within Finland: Posti &amp; Matkahuolto<\/p><p>Outside Finland: PostNord &amp; UPS<\/p><p><strong>Delivery Payment<\/strong><\/p><p>The shipping cost in the online store depends on the delivery method. You will see your shipping cost at the checkout after you have entered your delivery information.<\/p><p><strong>Shipping Costs<\/strong><\/p><p><strong>Finland:<\/strong><\/p><ul><li>Post package and Matkahuolto near pickup point: \u20ac5.90 (Free shipping for orders over \u20ac60).\u00a0<\/li><\/ul><p><strong>Sweden, Estonia, Latvia &amp; Lithuania:<\/strong><\/p><ul><li>PostNord MyPack Collect: \u20ac9.90 (For orders over \u20ac30, a delivery fee of \u20ac5 applies)<\/li><\/ul><p><strong>Germany, Netherlands &amp; Belgium:<\/strong><\/p><ul><li>PostNord MyPack Collect: \u20ac15.90 (For orders over \u20ac30, a delivery fee of \u20ac5 applies)<\/li><\/ul><p><strong>Italy, Spain, Greece &amp; Portugal:<\/strong><\/p><ul><li>UPS Standard: \u20ac18.50 (For orders over \u20ac30, a delivery fee of \u20ac5 applies)<\/li><\/ul><p><strong>Poland, Bulgaria, Croatia,<\/strong><strong>Romania, Slovakia, Slovenia, Czech Republic &amp; Hungary:<\/strong><\/p><ul><li>UPS Standard: \u20ac19.50 (For orders over \u20ac30, a delivery fee of \u20ac5 applies)<\/li><\/ul><p><strong>Netherlands &amp; Belgium:<\/strong><\/p><ul><li>PostNord MyPack Collect: \u20ac15.90 (For orders over \u20ac30, a delivery fee of \u20ac5 applies)<\/li><\/ul><p><strong>Denmark:<\/strong><\/p><ul><li>PostNord MyPack Collect: \u20ac14.90 (For orders over \u20ac30, a delivery fee of \u20ac5 applies)<\/li><\/ul><p><strong>Austria:<\/strong><\/p><ul><li>PostNord MyPack Collect: \u20ac18.90 (For orders over \u20ac30, a delivery fee of \u20ac5 applies)<\/li><\/ul><p><strong>France:<\/strong><\/p><ul><li>PostNord MyPack Collect: \u20ac21.50 (For orders over \u20ac30, a delivery fee of \u20ac5 applies)<\/li><\/ul><p><strong>Luxembourg:<\/strong><\/p><ul><li>PostNord MyPack Collect: \u20ac16.00 (For orders over \u20ac30, a delivery fee of \u20ac5 applies)<\/li><\/ul><p>If you have any questions regarding delivery, please feel free to contact our customer service at:\n\ud83d\udce7 info@evabaits.fi<\/p><p><strong>Payment Service Provider<\/strong><\/p><p><span data-contrast=\"auto\">The payment service provider for international payment transactions is Paytrail Oyj (business ID 2122839-7), in cooperation with Finnish banks and credit institutions. Paytrail Oyj will be displayed as the recipient of the payment on your bank statement or card invoice, and they will forward the payment to the merchant. In case of any complaints, we kindly ask you to first contact the product supplier.\n\nThe payment service provider for Visa, Visa Electron, and MasterCard payments is Paytrail Oyj (business ID 2122839-7), in cooperation with Finnish banks and credit institutions. Paytrail Oyj will be displayed as the recipient of the payment on your bank statement or card invoice. In case of any complaints, we kindly ask you to first contact the product supplier.<\/span><span data-ccp-props=\"{&quot;134233117&quot;:true,&quot;134233118&quot;:true}\">\u00a0<\/span><\/p><p><span data-contrast=\"auto\">Paytrail Oyj, y-tunnus: 2122839-7<\/span>\u00a0<br \/><span data-contrast=\"auto\">Innova 2<\/span>\u00a0<br \/><span data-contrast=\"auto\">Lutakonaukio 7<\/span>\u00a0<br \/><span data-contrast=\"auto\">40100 Jyv\u00e4skyl\u00e4<\/span>\u00a0<br \/><span data-contrast=\"auto\"><a href=\"https:\/\/www.paytrail.com\/kuluttaja\/tietoa-maksamisesta\">https:\/\/www.paytrail.com\/kuluttaja\/tietoa-maksamisesta<\/a>\u00a0<\/span><span data-ccp-props=\"{&quot;134233117&quot;:true,&quot;134233118&quot;:true}\">\u00a0<\/span><\/p><p><strong>Online Payment<\/strong><\/p><p>The payment service provider for online payment transactions is Paytrail Oyj (business ID 2122839-7), in cooperation with Finnish banks and credit institutions. Paytrail Oyj purchases the payment transaction and forwards it to the merchant.<\/p><p><strong>Payments with Visa, Visa Electron, or MasterCard<\/strong><\/p><p>The payment service provider for international payment transactions is Paytrail Oyj (business ID 2122839-7), in cooperation with Finnish banks and credit institutions. Paytrail Oyj will be displayed as the recipient of the payment on your bank statement or card invoice, and they will forward the payment to the merchant. In case of any complaints, we kindly ask you to first contact the product supplier.\n\nThe payment service provider for Visa, Visa Electron, and MasterCard payments is Paytrail Oyj (business ID 2122839-7), in cooperation with Finnish banks and credit institutions. Paytrail Oyj will be displayed as the recipient of the payment on your bank statement or card invoice. In case of any complaints, we kindly ask you to first contact the product supplier.<\/p><p>Paytrail Oyj, y-tunnus: 2122839-7<br \/>Innova 2<br \/>Lutakonaukio 7<br \/>40100 Jyv\u00e4skyl\u00e4<br \/>Puhelin: 0207 181830<br \/>www.paytrail.com<\/p><p><strong>Flexible Payment with Invoice or Installment<\/strong><\/p><p>Jousto is the most convenient payment method for online stores, allowing you to pay with Jousto Invoice or Jousto Installment in over 4,000 Finnish online stores. With Jousto Invoice, you have 14 days of payment time (billing fee of \u20ac4.90), and with Jousto Installment, you can choose a maximum payment period of 12 months (billing fee of \u20ac4.90 and monthly interest rate of 2.42%). For more information, visit www.jousto.com.<br \/>You can receive Joustoraha for purchases up to \u20ac1000 in online stores. Joustoraha customer service is available Monday to Sunday from 7 AM to 11 PM via phone: 0800 186 186 or email: asiakaspalvelu@joustoraha.fi.<\/p><p><strong>Product Inspection and Possible Defects<\/strong><\/p><p>If the product has a manufacturing defect, please contact us immediately at: info@evabaits.fi<\/p><p><strong>Returns<\/strong><\/p><p>You can cancel your order and return the products within 14 days of the purchase. The customer is responsible for the return shipping costs. If you wish to return products, please contact our customer service: <a href=\"mailto:info@evabaits.fi.fi\">info@evabaits.fi<\/a><\/p><p>A binding sales contract is established once the order has been processed. The order confirmation will be sent to the customer via email. Ev\u00e4 Baits reserves the right to adjust prices as well as order and delivery terms on a case-by-case basis. However, the customer must always accept the terms of delivery before placing an order.<\/p><p>www.evabaits.fi<\/p><p>Elinbackanpolku 1<\/p><p>01740, Vantaa, Suomi<\/p><p><a href=\"mailto:%20asiakaspalvelu@vesikourut.fi\">info@evabaits.fi<\/a><\/p>\t\t\t\t\t\t\t\t<\/div>\n\t\t\t\t<\/div>\n\t\t\t\t\t<\/div>\n\t\t\t\t<\/div>\n\t\t\t\t<\/div>","protected":false},"excerpt":{"rendered":"<p>Toimitus- ja maksuehdot Toimitusaika Tuotteet toimitetaan aina mahdollisimman nopeasti tilausvahvistuksen saapumisesta. Toimitusaika on riippuvainen valitsemastanne kuljetusyhti\u00f6st\u00e4.\u00a0 Tuotteiden tavallinen toimitusaika suomeen on 2-5 arkip\u00e4iv\u00e4\u00e4. Tuotteiden toimitusaika suomen ulkopuolelle on 4-8 arkip\u00e4iv\u00e4\u00e4.\u00a0 Emme vastaa kuljetusyhti\u00f6ist\u00e4 johtuvista viiv\u00e4stymisist\u00e4 tai viiv\u00e4stysten aiheuttamista v\u00e4lillisist\u00e4 haitoista. Toimitustapa Tuotteet toimitetaan asiakkaan valitsemalla kuljetustavalla Ev\u00e4 Baitsin varastolta. Saat ilmoituksen s\u00e4hk\u00f6postiin, kun tuote on [&hellip;]<\/p>\n","protected":false},"author":1,"featured_media":0,"parent":0,"menu_order":0,"comment_status":"closed","ping_status":"closed","template":"","meta":{"footnotes":""},"class_list":["post-53","page","type-page","status-publish","hentry"],"_links":{"self":[{"href":"https:\/\/evabaits.fi\/en\/wp-json\/wp\/v2\/pages\/53","targetHints":{"allow":["GET"]}}],"collection":[{"href":"https:\/\/evabaits.fi\/en\/wp-json\/wp\/v2\/pages"}],"about":[{"href":"https:\/\/evabaits.fi\/en\/wp-json\/wp\/v2\/types\/page"}],"author":[{"embeddable":true,"href":"https:\/\/evabaits.fi\/en\/wp-json\/wp\/v2\/users\/1"}],"replies":[{"embeddable":true,"href":"https:\/\/evabaits.fi\/en\/wp-json\/wp\/v2\/comments?post=53"}],"version-history":[{"count":20,"href":"https:\/\/evabaits.fi\/en\/wp-json\/wp\/v2\/pages\/53\/revisions"}],"predecessor-version":[{"id":6104,"href":"https:\/\/evabaits.fi\/en\/wp-json\/wp\/v2\/pages\/53\/revisions\/6104"}],"wp:attachment":[{"href":"https:\/\/evabaits.fi\/en\/wp-json\/wp\/v2\/media?parent=53"}],"curies":[{"name":"wp","href":"https:\/\/api.w.org\/{rel}","templated":true}]}}