{"id":1807,"date":"2024-07-16T14:03:25","date_gmt":"2024-07-16T11:03:25","guid":{"rendered":"https:\/\/evabaits.fi\/?post_type=product&#038;p=1807"},"modified":"2026-04-17T10:27:56","modified_gmt":"2026-04-17T07:27:56","slug":"kuharigi-s","status":"publish","type":"product","link":"https:\/\/evabaits.fi\/en\/tuote\/kuharigi-s\/","title":{"rendered":"Zander Rig S"},"content":{"rendered":"<p>Mitoitetut kuha rigit Ev\u00e4 Baits malleille. Kuha rigien ideana oli saada kevyet rigit kuhan t\u00e4sm\u00e4kalastukseen. Ohutlankaiset koukut tartuttavat hyvin ja ovat kevyit\u00e4, joten kalastus onnistuu my\u00f6s pintakalvossa kelluville j\u00e4teille.<\/p>\n<p>Materiaali vaihtoehtoina fluorocarbon ja vaijeri.<\/p>\n<p>Fluorocarbonia ei suositella hauelle, valitse vaijeri versio mik\u00e4li kalastat hauki pitoisella vesist\u00f6ll\u00e4 tai et ole varma heitett\u00e4v\u00e4st\u00e4 kohteesta.<\/p>","protected":false},"excerpt":{"rendered":"<p>Sopiva rigi:<\/p>\n<p>Bleak Paddle Tail 15cm<\/p>\n<p>Bleak Spike Tail 15cm<\/p>\n<p>Smelt V-Tail 17cm<\/p>\n<ul>\n<li>Length from loop to loop: 5cm<\/li>\n<li>Hook size: 4.<\/li>\n<li>Material options: Fluorocarbon and Wire<\/li>\n<\/ul>","protected":false},"featured_media":4067,"template":"","meta":[],"product_brand":[],"product_cat":[44,23],"product_tag":[],"class_list":{"0":"post-1807","1":"product","2":"type-product","3":"status-publish","4":"has-post-thumbnail","6":"product_cat-rigit","7":"product_cat-tarvikkeet","9":"first","10":"instock","11":"taxable","12":"shipping-taxable","13":"purchasable","14":"product-type-variable","15":"wvs-archive-product-wrapper"},"_links":{"self":[{"href":"https:\/\/evabaits.fi\/en\/wp-json\/wp\/v2\/product\/1807","targetHints":{"allow":["GET"]}}],"collection":[{"href":"https:\/\/evabaits.fi\/en\/wp-json\/wp\/v2\/product"}],"about":[{"href":"https:\/\/evabaits.fi\/en\/wp-json\/wp\/v2\/types\/product"}],"version-history":[{"count":4,"href":"https:\/\/evabaits.fi\/en\/wp-json\/wp\/v2\/product\/1807\/revisions"}],"predecessor-version":[{"id":5627,"href":"https:\/\/evabaits.fi\/en\/wp-json\/wp\/v2\/product\/1807\/revisions\/5627"}],"wp:featuredmedia":[{"embeddable":true,"href":"https:\/\/evabaits.fi\/en\/wp-json\/wp\/v2\/media\/4067"}],"wp:attachment":[{"href":"https:\/\/evabaits.fi\/en\/wp-json\/wp\/v2\/media?parent=1807"}],"wp:term":[{"taxonomy":"product_brand","embeddable":true,"href":"https:\/\/evabaits.fi\/en\/wp-json\/wp\/v2\/product_brand?post=1807"},{"taxonomy":"product_cat","embeddable":true,"href":"https:\/\/evabaits.fi\/en\/wp-json\/wp\/v2\/product_cat?post=1807"},{"taxonomy":"product_tag","embeddable":true,"href":"https:\/\/evabaits.fi\/en\/wp-json\/wp\/v2\/product_tag?post=1807"}],"curies":[{"name":"wp","href":"https:\/\/api.w.org\/{rel}","templated":true}]}}