{"id":4879,"date":"2025-06-02T23:20:22","date_gmt":"2025-06-02T20:20:22","guid":{"rendered":"https:\/\/evabaits.fi\/?post_type=product&#038;p=4879"},"modified":"2026-04-23T20:44:44","modified_gmt":"2026-04-23T17:44:44","slug":"bleak-spike-tail-25cm","status":"publish","type":"product","link":"https:\/\/evabaits.fi\/en\/tuote\/bleak-spike-tail-25cm\/","title":{"rendered":"Bleak Spike Tail 25cm"},"content":{"rendered":"<hr \/>\n<p><strong>Bleak Spike Tail 25 cm<\/strong><\/p>\n<p>Bleak Spike Tail 25 cm on aidosta salakasta 3D-mallinnettu jigi. Malli on suunniteltu hauen t\u00e4sm\u00e4kalastukseen, ja iso profiili toimii erityisesti silloin kun haetaan valikoivia tai isompia kaloja. T\u00e4m\u00e4 toimii hyv\u00e4n\u00e4 yleisty\u00f6kaluna hauen t\u00e4sm\u00e4kalastukseen, ja piikkipyrst\u00f6 on muodoltaan kest\u00e4v\u00e4 malli.<\/p>\n<p>Toimii sek\u00e4 heittokalastuksessa ett\u00e4 vertikaalijigauksessa.<\/p>\n<p><strong>Pituus:<\/strong> 25 cm<br \/>\n<strong>Paino:<\/strong> 47 g<br \/>\n<strong>Hinta 12.90e:<\/strong> 1 kpl<\/p>\n<hr \/>","protected":false},"excerpt":{"rendered":"<p>Bleak Spike Tail 25 cm Bleak Spike Tail 25 cm on aidosta salakasta 3D-mallinnettu jigi. Malli on suunniteltu hauen t\u00e4sm\u00e4kalastukseen, ja iso profiili toimii erityisesti silloin kun haetaan valikoivia tai isompia kaloja. T\u00e4m\u00e4 toimii hyv\u00e4n\u00e4 yleisty\u00f6kaluna hauen t\u00e4sm\u00e4kalastukseen, ja piikkipyrst\u00f6 on muodoltaan kest\u00e4v\u00e4 malli. Toimii sek\u00e4 heittokalastuksessa ett\u00e4 vertikaalijigauksessa. Pituus: 25 cm Paino: 47 g [&hellip;]<\/p>\n","protected":false},"featured_media":7386,"template":"","meta":[],"product_brand":[],"product_cat":[20,18],"product_tag":[],"class_list":{"0":"post-4879","1":"product","2":"type-product","3":"status-publish","4":"has-post-thumbnail","6":"product_cat-hauki","7":"product_cat-kuha","9":"first","10":"instock","11":"taxable","12":"shipping-taxable","13":"purchasable","14":"product-type-variable","15":"wvs-archive-product-wrapper"},"_links":{"self":[{"href":"https:\/\/evabaits.fi\/en\/wp-json\/wp\/v2\/product\/4879","targetHints":{"allow":["GET"]}}],"collection":[{"href":"https:\/\/evabaits.fi\/en\/wp-json\/wp\/v2\/product"}],"about":[{"href":"https:\/\/evabaits.fi\/en\/wp-json\/wp\/v2\/types\/product"}],"version-history":[{"count":2,"href":"https:\/\/evabaits.fi\/en\/wp-json\/wp\/v2\/product\/4879\/revisions"}],"predecessor-version":[{"id":7418,"href":"https:\/\/evabaits.fi\/en\/wp-json\/wp\/v2\/product\/4879\/revisions\/7418"}],"wp:featuredmedia":[{"embeddable":true,"href":"https:\/\/evabaits.fi\/en\/wp-json\/wp\/v2\/media\/7386"}],"wp:attachment":[{"href":"https:\/\/evabaits.fi\/en\/wp-json\/wp\/v2\/media?parent=4879"}],"wp:term":[{"taxonomy":"product_brand","embeddable":true,"href":"https:\/\/evabaits.fi\/en\/wp-json\/wp\/v2\/product_brand?post=4879"},{"taxonomy":"product_cat","embeddable":true,"href":"https:\/\/evabaits.fi\/en\/wp-json\/wp\/v2\/product_cat?post=4879"},{"taxonomy":"product_tag","embeddable":true,"href":"https:\/\/evabaits.fi\/en\/wp-json\/wp\/v2\/product_tag?post=4879"}],"curies":[{"name":"wp","href":"https:\/\/api.w.org\/{rel}","templated":true}]}}