{"id":47,"date":"2024-06-04T09:27:54","date_gmt":"2024-06-04T09:27:54","guid":{"rendered":"https:\/\/evabaits.fi\/?page_id=47"},"modified":"2025-01-08T16:18:11","modified_gmt":"2025-01-08T14:18:11","slug":"tietoa-yrityksesta","status":"publish","type":"page","link":"https:\/\/evabaits.fi\/fi\/tietoa-yrityksesta\/","title":{"rendered":"Tietoa yrityksest\u00e4"},"content":{"rendered":"\t\t<div data-elementor-type=\"wp-page\" data-elementor-id=\"47\" class=\"elementor elementor-47\" data-elementor-post-type=\"page\">\n\t\t\t\t<div data-particle_enable=\"false\" data-particle-mobile-disabled=\"false\" class=\"elementor-element elementor-element-33b493a e-flex e-con-boxed e-con e-parent\" data-id=\"33b493a\" data-element_type=\"container\" data-e-type=\"container\" data-settings=\"{&quot;background_background&quot;:&quot;classic&quot;}\">\n\t\t\t\t\t<div class=\"e-con-inner\">\n\t\t<div data-particle_enable=\"false\" data-particle-mobile-disabled=\"false\" class=\"elementor-element elementor-element-805db7f e-con-full e-flex e-con e-child\" data-id=\"805db7f\" data-element_type=\"container\" data-e-type=\"container\">\n\t\t\t\t<div class=\"elementor-element elementor-element-9ae3965 elementor-invisible elementor-widget elementor-widget-image\" data-id=\"9ae3965\" data-element_type=\"widget\" data-e-type=\"widget\" data-settings=\"{&quot;_animation&quot;:&quot;fadeInDown&quot;,&quot;_animation_delay&quot;:400}\" data-widget_type=\"image.default\">\n\t\t\t\t<div class=\"elementor-widget-container\">\n\t\t\t\t\t\t\t\t\t\t\t\t\t\t\t<img fetchpriority=\"high\" decoding=\"async\" width=\"1024\" height=\"1024\" src=\"https:\/\/evabaits.fi\/wp-content\/uploads\/2025\/01\/1-1.png\" class=\"attachment-full size-full wp-image-4063 wvs-archive-product-image\" alt=\"\" srcset=\"https:\/\/evabaits.fi\/wp-content\/uploads\/2025\/01\/1-1.png 1024w, https:\/\/evabaits.fi\/wp-content\/uploads\/2025\/01\/1-1-300x300.png 300w, https:\/\/evabaits.fi\/wp-content\/uploads\/2025\/01\/1-1-150x150.png 150w, https:\/\/evabaits.fi\/wp-content\/uploads\/2025\/01\/1-1-768x768.png 768w, https:\/\/evabaits.fi\/wp-content\/uploads\/2025\/01\/1-1-12x12.png 12w, https:\/\/evabaits.fi\/wp-content\/uploads\/2025\/01\/1-1-100x100.png 100w\" sizes=\"(max-width: 1024px) 100vw, 1024px\" \/>\t\t\t\t\t\t\t\t\t\t\t\t\t\t\t<\/div>\n\t\t\t\t<\/div>\n\t\t\t\t<\/div>\n\t\t<div data-particle_enable=\"false\" data-particle-mobile-disabled=\"false\" class=\"elementor-element elementor-element-c2d59d2 e-con-full e-flex e-con e-child\" data-id=\"c2d59d2\" data-element_type=\"container\" data-e-type=\"container\">\n\t\t\t\t<div class=\"elementor-element elementor-element-cb46cd8 animated-slow elementor-invisible elementor-widget elementor-widget-heading\" data-id=\"cb46cd8\" data-element_type=\"widget\" data-e-type=\"widget\" data-settings=\"{&quot;_animation&quot;:&quot;fadeIn&quot;,&quot;_animation_delay&quot;:300}\" data-widget_type=\"heading.default\">\n\t\t\t\t<div class=\"elementor-widget-container\">\n\t\t\t\t\t<h2 class=\"elementor-heading-title elementor-size-default\">Ev\u00e4 Baits<\/h2>\t\t\t\t<\/div>\n\t\t\t\t<\/div>\n\t\t\t\t<div class=\"elementor-element elementor-element-1c7503a elementor-widget elementor-widget-text-editor\" data-id=\"1c7503a\" data-element_type=\"widget\" data-e-type=\"widget\" data-widget_type=\"text-editor.default\">\n\t\t\t\t<div class=\"elementor-widget-container\">\n\t\t\t\t\t\t\t\t\t<p>Ev\u00e4 Baits on suomalainen k\u00e4sity\u00f6vieheit\u00e4 valmistava yritys. Tarkoituksena on valmistaa mahdollisimman kalastavia vieheit\u00e4 ja tarjota n\u00e4ille parhaat koukutustavat.<\/p>\t\t\t\t\t\t\t\t<\/div>\n\t\t\t\t<\/div>\n\t\t\t\t<div class=\"elementor-element elementor-element-9ade551 elementor-widget elementor-widget-text-editor\" data-id=\"9ade551\" data-element_type=\"widget\" data-e-type=\"widget\" data-widget_type=\"text-editor.default\">\n\t\t\t\t<div class=\"elementor-widget-container\">\n\t\t\t\t\t\t\t\t\t<p>Ev\u00e4 Baitsin vieheet ovat suunniteltu pohjoismaissa el\u00e4ville petokaloille kuha,hauki ja ahven. Vieheet on piirrettty aitojen kalojen p\u00e4\u00e4lle, jotta p\u00e4\u00e4st\u00e4\u00e4n mahdollisimman l\u00e4helle oikeaa ravintoa. Materiaaleina k\u00e4ytet\u00e4\u00e4n phalaatti-vapaata, pehme\u00e4\u00e4 sek\u00e4 el\u00e4v\u00e4ist\u00e4 kumimateriaalia. Pehme\u00e4n materiaalin avulla saadaan vieheet uimaan herk\u00e4sti ja el\u00e4v\u00e4isesti. Miinuksena pehme\u00e4 materiaali ei ole kest\u00e4vin vaihtoehto, mutta oikein rigattuna ja k\u00e4ytettyn\u00e4 vieheen kestoon voi paljon vaikuttaa itse.<\/p>\t\t\t\t\t\t\t\t<\/div>\n\t\t\t\t<\/div>\n\t\t\t\t<div class=\"elementor-element elementor-element-8417a5d elementor-widget elementor-widget-text-editor\" data-id=\"8417a5d\" data-element_type=\"widget\" data-e-type=\"widget\" data-widget_type=\"text-editor.default\">\n\t\t\t\t<div class=\"elementor-widget-container\">\n\t\t\t\t\t\t\t\t\t<p>Ev\u00e4 Baitsin valikoimasta l\u00f6yd\u00e4t laadukkaat vieheet t\u00e4sm\u00e4kalastukseen sek\u00e4 perinteisen kalastuksen harrastajalle.<\/p>\t\t\t\t\t\t\t\t<\/div>\n\t\t\t\t<\/div>\n\t\t\t\t<div class=\"elementor-element elementor-element-3ac20e3 elementor-widget__width-auto elementor-widget-mobile__width-inherit elementor-widget elementor-widget-eael-info-box\" data-id=\"3ac20e3\" data-element_type=\"widget\" data-e-type=\"widget\" data-widget_type=\"eael-info-box.default\">\n\t\t\t\t<div class=\"elementor-widget-container\">\n\t\t\t\t\t        <div class=\"eael-infobox icon-on-left\">\n\t            <div class=\"infobox-content\">\n                    <div class=\"infobox-title-section\">\n                <h2 class=\"title\">Niilo Lahti<\/h2>            <\/div>\n            <div><p>Ev\u00e4 Baits, Perustaja<\/p><\/div>        <\/div>\n            <\/div>\n\n\t\t\t\t\t\t<\/div>\n\t\t\t\t<\/div>\n\t\t\t\t<\/div>\n\t\t\t\t\t<\/div>\n\t\t\t\t<\/div>\n\t\t<div data-particle_enable=\"false\" data-particle-mobile-disabled=\"false\" class=\"elementor-element elementor-element-fab15bc e-flex e-con-boxed e-con e-parent\" data-id=\"fab15bc\" data-element_type=\"container\" data-e-type=\"container\" data-settings=\"{&quot;background_background&quot;:&quot;classic&quot;}\">\n\t\t\t\t\t<div class=\"e-con-inner\">\n\t\t\t\t<div class=\"elementor-element elementor-element-a29ca59 elementor-widget elementor-widget-heading\" data-id=\"a29ca59\" data-element_type=\"widget\" data-e-type=\"widget\" data-widget_type=\"heading.default\">\n\t\t\t\t<div class=\"elementor-widget-container\">\n\t\t\t\t\t<h2 class=\"elementor-heading-title elementor-size-default\">Yhteisty\u00f6kumppanit<\/h2>\t\t\t\t<\/div>\n\t\t\t\t<\/div>\n\t\t\t\t\t<\/div>\n\t\t\t\t<\/div>\n\t\t<div data-particle_enable=\"false\" data-particle-mobile-disabled=\"false\" class=\"elementor-element elementor-element-60eeb15 e-flex e-con-boxed e-con e-parent\" data-id=\"60eeb15\" data-element_type=\"container\" data-e-type=\"container\" data-settings=\"{&quot;background_background&quot;:&quot;classic&quot;}\">\n\t\t\t\t\t<div class=\"e-con-inner\">\n\t\t<div data-particle_enable=\"false\" data-particle-mobile-disabled=\"false\" class=\"elementor-element elementor-element-6d19a18 e-con-full e-flex e-con e-child\" data-id=\"6d19a18\" data-element_type=\"container\" data-e-type=\"container\">\n\t\t\t\t<div class=\"elementor-element elementor-element-bd7dd99 elementor-widget elementor-widget-image\" data-id=\"bd7dd99\" data-element_type=\"widget\" data-e-type=\"widget\" data-widget_type=\"image.default\">\n\t\t\t\t<div class=\"elementor-widget-container\">\n\t\t\t\t\t\t\t\t\t\t\t\t\t\t\t\t<a href=\"https:\/\/www.fishdevil.fi\/\">\n\t\t\t\t\t\t\t<img decoding=\"async\" width=\"468\" height=\"300\" src=\"https:\/\/evabaits.fi\/wp-content\/uploads\/2025\/01\/Asset-5.png\" class=\"attachment-full size-full wp-image-4089 wvs-archive-product-image\" alt=\"\" srcset=\"https:\/\/evabaits.fi\/wp-content\/uploads\/2025\/01\/Asset-5.png 468w, https:\/\/evabaits.fi\/wp-content\/uploads\/2025\/01\/Asset-5-300x192.png 300w, https:\/\/evabaits.fi\/wp-content\/uploads\/2025\/01\/Asset-5-18x12.png 18w\" sizes=\"(max-width: 468px) 100vw, 468px\" \/>\t\t\t\t\t\t\t\t<\/a>\n\t\t\t\t\t\t\t\t\t\t\t\t\t\t\t<\/div>\n\t\t\t\t<\/div>\n\t\t\t\t<\/div>\n\t\t<div data-particle_enable=\"false\" data-particle-mobile-disabled=\"false\" class=\"elementor-element elementor-element-64ee1f5 e-con-full e-flex e-con e-child\" data-id=\"64ee1f5\" data-element_type=\"container\" data-e-type=\"container\">\n\t\t\t\t<div class=\"elementor-element elementor-element-a03b391 elementor-widget elementor-widget-image\" data-id=\"a03b391\" data-element_type=\"widget\" data-e-type=\"widget\" data-widget_type=\"image.default\">\n\t\t\t\t<div class=\"elementor-widget-container\">\n\t\t\t\t\t\t\t\t\t\t\t\t\t\t\t\t<a href=\"https:\/\/ratterbaits.com\/\">\n\t\t\t\t\t\t\t<img decoding=\"async\" width=\"225\" height=\"225\" src=\"https:\/\/evabaits.fi\/wp-content\/uploads\/2025\/01\/ratter-baits.jpeg\" class=\"attachment-full size-full wp-image-4092 wvs-archive-product-image\" alt=\"\" srcset=\"https:\/\/evabaits.fi\/wp-content\/uploads\/2025\/01\/ratter-baits.jpeg 225w, https:\/\/evabaits.fi\/wp-content\/uploads\/2025\/01\/ratter-baits-150x150.jpeg 150w, https:\/\/evabaits.fi\/wp-content\/uploads\/2025\/01\/ratter-baits-12x12.jpeg 12w, https:\/\/evabaits.fi\/wp-content\/uploads\/2025\/01\/ratter-baits-100x100.jpeg 100w\" sizes=\"(max-width: 225px) 100vw, 225px\" \/>\t\t\t\t\t\t\t\t<\/a>\n\t\t\t\t\t\t\t\t\t\t\t\t\t\t\t<\/div>\n\t\t\t\t<\/div>\n\t\t\t\t<\/div>\n\t\t<div data-particle_enable=\"false\" data-particle-mobile-disabled=\"false\" class=\"elementor-element elementor-element-47298e0 e-con-full e-flex e-con e-child\" data-id=\"47298e0\" data-element_type=\"container\" data-e-type=\"container\">\n\t\t\t\t<div class=\"elementor-element elementor-element-5357332 elementor-widget elementor-widget-image\" data-id=\"5357332\" data-element_type=\"widget\" data-e-type=\"widget\" data-widget_type=\"image.default\">\n\t\t\t\t<div class=\"elementor-widget-container\">\n\t\t\t\t\t\t\t\t\t\t\t\t\t\t\t\t<a href=\"https:\/\/www.sportanglers.fi\/\">\n\t\t\t\t\t\t\t<img loading=\"lazy\" decoding=\"async\" width=\"1032\" height=\"592\" src=\"https:\/\/evabaits.fi\/wp-content\/uploads\/2025\/01\/sportanglers.png\" class=\"attachment-full size-full wp-image-4090 wvs-archive-product-image\" alt=\"\" srcset=\"https:\/\/evabaits.fi\/wp-content\/uploads\/2025\/01\/sportanglers.png 1032w, https:\/\/evabaits.fi\/wp-content\/uploads\/2025\/01\/sportanglers-300x172.png 300w, https:\/\/evabaits.fi\/wp-content\/uploads\/2025\/01\/sportanglers-1024x587.png 1024w, https:\/\/evabaits.fi\/wp-content\/uploads\/2025\/01\/sportanglers-768x441.png 768w, https:\/\/evabaits.fi\/wp-content\/uploads\/2025\/01\/sportanglers-18x10.png 18w\" sizes=\"(max-width: 1032px) 100vw, 1032px\" \/>\t\t\t\t\t\t\t\t<\/a>\n\t\t\t\t\t\t\t\t\t\t\t\t\t\t\t<\/div>\n\t\t\t\t<\/div>\n\t\t\t\t<\/div>\n\t\t\t\t\t<\/div>\n\t\t\t\t<\/div>\n\t\t\t\t<\/div>\n\t\t","protected":false},"excerpt":{"rendered":"<p>Ev\u00e4 Baits Ev\u00e4 Baits on suomalainen k\u00e4sity\u00f6vieheit\u00e4 valmistava yritys. Tarkoituksena on valmistaa mahdollisimman kalastavia vieheit\u00e4 ja tarjota n\u00e4ille parhaat koukutustavat. Ev\u00e4 Baitsin vieheet ovat suunniteltu pohjoismaissa el\u00e4ville petokaloille kuha,hauki ja ahven. Vieheet on piirrettty aitojen kalojen p\u00e4\u00e4lle, jotta p\u00e4\u00e4st\u00e4\u00e4n mahdollisimman l\u00e4helle oikeaa ravintoa. Materiaaleina k\u00e4ytet\u00e4\u00e4n phalaatti-vapaata, pehme\u00e4\u00e4 sek\u00e4 el\u00e4v\u00e4ist\u00e4 kumimateriaalia. Pehme\u00e4n materiaalin avulla saadaan vieheet [&hellip;]<\/p>\n","protected":false},"author":1,"featured_media":0,"parent":0,"menu_order":0,"comment_status":"closed","ping_status":"closed","template":"elementor_header_footer","meta":{"footnotes":""},"class_list":["post-47","page","type-page","status-publish","hentry"],"_links":{"self":[{"href":"https:\/\/evabaits.fi\/fi\/wp-json\/wp\/v2\/pages\/47","targetHints":{"allow":["GET"]}}],"collection":[{"href":"https:\/\/evabaits.fi\/fi\/wp-json\/wp\/v2\/pages"}],"about":[{"href":"https:\/\/evabaits.fi\/fi\/wp-json\/wp\/v2\/types\/page"}],"author":[{"embeddable":true,"href":"https:\/\/evabaits.fi\/fi\/wp-json\/wp\/v2\/users\/1"}],"replies":[{"embeddable":true,"href":"https:\/\/evabaits.fi\/fi\/wp-json\/wp\/v2\/comments?post=47"}],"version-history":[{"count":20,"href":"https:\/\/evabaits.fi\/fi\/wp-json\/wp\/v2\/pages\/47\/revisions"}],"predecessor-version":[{"id":4145,"href":"https:\/\/evabaits.fi\/fi\/wp-json\/wp\/v2\/pages\/47\/revisions\/4145"}],"wp:attachment":[{"href":"https:\/\/evabaits.fi\/fi\/wp-json\/wp\/v2\/media?parent=47"}],"curies":[{"name":"wp","href":"https:\/\/api.w.org\/{rel}","templated":true}]}}