{"id":53,"date":"2024-06-04T09:52:37","date_gmt":"2024-06-04T09:52:37","guid":{"rendered":"https:\/\/evabaits.fi\/?page_id=53"},"modified":"2025-09-12T00:39:09","modified_gmt":"2025-09-11T21:39:09","slug":"toimitus-ja-maksuehdot","status":"publish","type":"page","link":"https:\/\/evabaits.fi\/fi\/toimitus-ja-maksuehdot\/","title":{"rendered":"Toimitus- ja maksuehdot"},"content":{"rendered":"\t\t<div data-elementor-type=\"wp-page\" data-elementor-id=\"53\" class=\"elementor elementor-53\" data-elementor-post-type=\"page\">\n\t\t\t\t<div data-particle_enable=\"false\" data-particle-mobile-disabled=\"false\" class=\"elementor-element elementor-element-2c9553a e-flex e-con-boxed e-con e-parent\" data-id=\"2c9553a\" data-element_type=\"container\" data-e-type=\"container\">\n\t\t\t\t\t<div class=\"e-con-inner\">\n\t\t\t\t<div class=\"elementor-element elementor-element-10ce6be elementor-widget elementor-widget-heading\" data-id=\"10ce6be\" data-element_type=\"widget\" data-e-type=\"widget\" data-widget_type=\"heading.default\">\n\t\t\t\t<div class=\"elementor-widget-container\">\n\t\t\t\t\t<h2 class=\"elementor-heading-title elementor-size-default\">Toimitus- ja maksuehdot<\/h2>\t\t\t\t<\/div>\n\t\t\t\t<\/div>\n\t\t\t\t<div class=\"elementor-element elementor-element-cf61403 elementor-widget elementor-widget-text-editor\" data-id=\"cf61403\" data-element_type=\"widget\" data-e-type=\"widget\" data-widget_type=\"text-editor.default\">\n\t\t\t\t<div class=\"elementor-widget-container\">\n\t\t\t\t\t\t\t\t\t<p><strong>Toimitusaika<\/strong><\/p><p>Tuotteet toimitetaan aina mahdollisimman nopeasti tilausvahvistuksen saapumisesta. Toimitusaika on riippuvainen valitsemastanne kuljetusyhti\u00f6st\u00e4.\u00a0<\/p><p>Tuotteiden tavallinen toimitusaika suomeen on <strong>2-5 arkip\u00e4iv\u00e4\u00e4<\/strong>.<\/p><p>Tuotteiden toimitusaika suomen ulkopuolelle on <strong>4-8 arkip\u00e4iv\u00e4\u00e4<\/strong>.\u00a0<\/p><p>Emme vastaa kuljetusyhti\u00f6ist\u00e4 johtuvista viiv\u00e4stymisist\u00e4 tai viiv\u00e4stysten aiheuttamista v\u00e4lillisist\u00e4 haitoista.<\/p><p><strong>Toimitustapa<\/strong><\/p><p>Tuotteet toimitetaan asiakkaan valitsemalla kuljetustavalla Ev\u00e4 Baitsin varastolta. Saat ilmoituksen s\u00e4hk\u00f6postiin, kun tuote on noudettavissa tai saapumassa.<\/p><p>Kuljetukset toimitetaan kumppanimme Shipit Oy Ab v\u00e4lityksell\u00e4 ja kuljetusyhti\u00f6in\u00e4 toimivat:<\/p><p>Suomessa: Posti &amp; Matkahuolto<\/p><p>Suomen ulkopuolella: PostNord &amp; UPS<\/p><p><strong>Toimitusmaksu<\/strong><\/p><p>Verkkokauppatilausten toimitusmaksu on toimitusmaasta riipuvainen. N\u00e4et oman tilauksesi toimitusmaksun kassalla, kun olet sy\u00f6tt\u00e4nyt toimitustietosi.<\/p><p><strong>Kuljetushinnasto:<\/strong><\/p><p><strong>Suomi:<\/strong><\/p><ul><li>Postipaketti ja matkahuolto l\u00e4hell\u00e4paketti 5,9\u20ac (yli 60\u20ac tilaukset toimitetaan ilmaiseksi).\u00a0<\/li><\/ul><p><strong>Ruotsi, Viro, Latvia &amp; Liettua:<\/strong><\/p><ul><li>Posti ja PostNord MyPack Collect 9,9\u20ac (yli 30\u20ac tilaukset 5\u20ac toimitusmaksulla)<\/li><\/ul><p><strong>Saksa, Alankomaat ja Belgia:<\/strong><\/p><ul><li>PostNord MyPack Collect 15,9\u20ac (yli 30\u20ac tilaukset 5\u20ac toimitusmaksulla)<\/li><\/ul><p><strong>Italia, Espanja, Kreikka ja Portugali<\/strong><\/p><ul><li>UPS Standard 18,5\u20ac (yli 30\u20ac tilaukset 5\u20ac toimitusmaksulla)<\/li><\/ul><p><strong>Puola, Bulgaria, Kroatia<\/strong><strong>, Romania, Slovakia, Slovenia, Tsekki ja Unkari<\/strong><\/p><ul><li>UPS Standard 19,5\u20ac (yli 30\u20ac tilaukset 5\u20ac toimitusmaksulla)<\/li><\/ul><p><strong>Alankomaat ja Belgia<\/strong><\/p><ul><li>PostNord MyPack Collect 15,9\u20ac (yli 30\u20ac tilaukset 5\u20ac toimitusmaksulla)<\/li><\/ul><p><strong>Tanska<\/strong><\/p><ul><li>PostNord MyPack Collect 14,9\u20ac (yli 30\u20ac tilaukset 5\u20ac toimitusmaksulla)<\/li><\/ul><p><strong>It\u00e4valta<\/strong><\/p><ul><li>PostNord MyPack Collect 18,9\u20ac (yli 30\u20ac tilaukset 5\u20ac toimitusmaksulla)<\/li><\/ul><p><strong>Ranska<\/strong><\/p><ul><li>PostNord MyPack Collect 21,5\u20ac (yli 30\u20ac tilaukset 5\u20ac toimitusmaksulla)<\/li><\/ul><p><strong>Luxemburg<\/strong><\/p><ul><li>PostNord MyPack Collect 16\u20ac (yli 30\u20ac tilaukset 5\u20ac toimitusmaksulla)<\/li><\/ul><p>Mik\u00e4li sinulla her\u00e4\u00e4 kysytt\u00e4v\u00e4\u00e4 toimitukseen liittyen niin ota rohkeasti yhteytt\u00e4 asiakaspalveluumme info@evabaits.fi<\/p><p><strong>Maksupalveluntarjoaja<\/strong><\/p><p><span data-contrast=\"auto\">Maksunv\u00e4lityspalvelun toteuttajana ja maksupalveluntarjoajana toimii Paytrail Oyj (2122839-7) yhteisty\u00f6ss\u00e4 suomalaisten pankkien ja luottolaitosten kanssa. Paytrail Oyj n\u00e4kyy maksun saajana tiliotteella tai korttilaskulla ja v\u00e4litt\u00e4\u00e4 maksun kauppiaalle. Paytrail Oyj:ll\u00e4 on maksulaitoksen toimilupa. Reklamaatiotapauksissa pyyd\u00e4mme ottamaan ensisijaisesti yhteytt\u00e4 tuotteen toimittajaan.<\/span><span data-ccp-props=\"{&quot;134233117&quot;:true,&quot;134233118&quot;:true}\">\u00a0<\/span><\/p><p><span data-contrast=\"auto\">Paytrail Oyj, y-tunnus: 2122839-7<\/span>\u00a0<br \/><span data-contrast=\"auto\">Innova 2<\/span>\u00a0<br \/><span data-contrast=\"auto\">Lutakonaukio 7<\/span>\u00a0<br \/><span data-contrast=\"auto\">40100 Jyv\u00e4skyl\u00e4<\/span>\u00a0<br \/><span data-contrast=\"auto\"><a href=\"https:\/\/www.paytrail.com\/kuluttaja\/tietoa-maksamisesta\">https:\/\/www.paytrail.com\/kuluttaja\/tietoa-maksamisesta<\/a>\u00a0<\/span><span data-ccp-props=\"{&quot;134233117&quot;:true,&quot;134233118&quot;:true}\">\u00a0<\/span><\/p><p><strong>Verkkopankki<\/strong><\/p><p>Verkkopankkimaksamiseen liittyv\u00e4n maksu- ja rahoituspalvelun toteuttaa Paytrail Oy (2122839-7) yhteisty\u00f6ss\u00e4 suomalaisten pankkien ja luottolaitosten kanssa. Paytrail Oy ostaa maksusuorituksen ja tilitt\u00e4\u00e4 sen kauppiaalle. K\u00e4ytt\u00e4j\u00e4n kannalta palvelu toimii aivan kuten perinteinen verkkomaksaminenkin.<\/p><p><strong>Maksut Visa, Visa Electron tai MasterCard-korteilla<\/strong><\/p><p>Maksunv\u00e4lityspalvelun toteuttajana ja maksupalveluntarjoajana toimii Paytrail Oyj (2122839-7) yhteisty\u00f6ss\u00e4 suomalaisten pankkien ja luottolaitosten kanssa. Paytrail Oyj n\u00e4kyy maksun saajana tiliotteella tai korttilaskulla ja v\u00e4litt\u00e4\u00e4 maksun kauppiaalle. Paytrail Oyj:ll\u00e4 on maksulaitoksen toimilupa. Reklamaatiotapauksissa pyyd\u00e4mme ottamaan ensisijaisesti yhteytt\u00e4 tuotteen toimittajaan.<\/p><p>Paytrail Oyj, y-tunnus: 2122839-7<br \/>Innova 2<br \/>Lutakonaukio 7<br \/>40100 Jyv\u00e4skyl\u00e4<br \/>Puhelin: 0207 181830<br \/>www.paytrail.com<\/p><p><strong>Joustoraha Lasku ja Osamaksu<\/strong><\/p><p>Jousto on verkkokaupan mukavin maksutapa, jolla voit maksaa Jousto Laskulla tai Jousto Osamaksulla yli 4000 suomalaisessa verkkokaupassa. Laskulla saat 14 vrk maksuaikaa (laskutusmaksu 4.90 \u20ac) ja Osamaksulla max. 12 kk maksuaikaa (laskutusmaksu 4,90 \u20ac ja kuukausikorko 2,42 %). Lis\u00e4tietoja Joustosta osoitteessa www.jousto.com.<br \/>Joustorahaa voi saada verkkokaupassa 1000\u20ac ostoksiin. Joustorahan asiakaspalvelu on avoinna ma-su klo 7-23: puhelimitse 0800 186 186 tai s\u00e4hk\u00f6postitse\u00a0asiakaspalvelu@joustoraha.fi<\/p><p><strong>Tuotteiden tarkastaminen ja mahdollinen virheellisyys<\/strong><\/p><p>Mik\u00e4li tuotteessa on valmistusvirhe, ota heti meihin yhteytt\u00e4: info@evabaits.fi<\/p><p><strong>Palautukset<\/strong><\/p><p>Voit perua tilauksen ja palauttaa tuotteet 14 p\u00e4iv\u00e4n kuluessa tilauksesta. Asiakas vastaa tuotteiden palautuksesta syntyv\u00e4st\u00e4 kustannuksesta. Mik\u00e4li haluat palauttaa tuotteita, otathan yhteytt\u00e4 asiakaspalveluumme: <a href=\"mailto:info@evabaits.fi.fi\">info@evabaits.fi<\/a><\/p><p>Sitova kauppasopimus tulee voimaan, kun tilaus on k\u00e4sitelty. Tilausvahvistus toimitetaan asiakkaalle s\u00e4hk\u00f6postitse. Ev\u00e4 Baits pid\u00e4tt\u00e4\u00e4 oikeuden hintojen sek\u00e4 tilaus- ja toimitusehtojen muuttamiseen tilauskohtaisesti. Asiakkaan on kuitenkin aina hyv\u00e4ksytt\u00e4v\u00e4 toimitusehdot ennen tilausta.<\/p><p>www.evabaits.fi<\/p><p>Elinbackanpolku 1<\/p><p>01740, Vantaa, Suomi<\/p><p><a href=\"mailto:%20asiakaspalvelu@vesikourut.fi\">info@evabaits.fi<\/a><\/p>\t\t\t\t\t\t\t\t<\/div>\n\t\t\t\t<\/div>\n\t\t\t\t\t<\/div>\n\t\t\t\t<\/div>\n\t\t\t\t<\/div>\n\t\t","protected":false},"excerpt":{"rendered":"<p>Toimitus- ja maksuehdot Toimitusaika Tuotteet toimitetaan aina mahdollisimman nopeasti tilausvahvistuksen saapumisesta. Toimitusaika on riippuvainen valitsemastanne kuljetusyhti\u00f6st\u00e4.\u00a0 Tuotteiden tavallinen toimitusaika suomeen on 2-5 arkip\u00e4iv\u00e4\u00e4. Tuotteiden toimitusaika suomen ulkopuolelle on 4-8 arkip\u00e4iv\u00e4\u00e4.\u00a0 Emme vastaa kuljetusyhti\u00f6ist\u00e4 johtuvista viiv\u00e4stymisist\u00e4 tai viiv\u00e4stysten aiheuttamista v\u00e4lillisist\u00e4 haitoista. Toimitustapa Tuotteet toimitetaan asiakkaan valitsemalla kuljetustavalla Ev\u00e4 Baitsin varastolta. Saat ilmoituksen s\u00e4hk\u00f6postiin, kun tuote on [&hellip;]<\/p>\n","protected":false},"author":1,"featured_media":0,"parent":0,"menu_order":0,"comment_status":"closed","ping_status":"closed","template":"","meta":{"footnotes":""},"class_list":["post-53","page","type-page","status-publish","hentry"],"_links":{"self":[{"href":"https:\/\/evabaits.fi\/fi\/wp-json\/wp\/v2\/pages\/53","targetHints":{"allow":["GET"]}}],"collection":[{"href":"https:\/\/evabaits.fi\/fi\/wp-json\/wp\/v2\/pages"}],"about":[{"href":"https:\/\/evabaits.fi\/fi\/wp-json\/wp\/v2\/types\/page"}],"author":[{"embeddable":true,"href":"https:\/\/evabaits.fi\/fi\/wp-json\/wp\/v2\/users\/1"}],"replies":[{"embeddable":true,"href":"https:\/\/evabaits.fi\/fi\/wp-json\/wp\/v2\/comments?post=53"}],"version-history":[{"count":20,"href":"https:\/\/evabaits.fi\/fi\/wp-json\/wp\/v2\/pages\/53\/revisions"}],"predecessor-version":[{"id":6104,"href":"https:\/\/evabaits.fi\/fi\/wp-json\/wp\/v2\/pages\/53\/revisions\/6104"}],"wp:attachment":[{"href":"https:\/\/evabaits.fi\/fi\/wp-json\/wp\/v2\/media?parent=53"}],"curies":[{"name":"wp","href":"https:\/\/api.w.org\/{rel}","templated":true}]}}