{"id":49,"date":"2024-06-04T09:28:09","date_gmt":"2024-06-04T09:28:09","guid":{"rendered":"https:\/\/evabaits.fi\/?page_id=49"},"modified":"2025-09-12T00:37:23","modified_gmt":"2025-09-11T21:37:23","slug":"tietosuojaseloste","status":"publish","type":"page","link":"https:\/\/evabaits.fi\/se\/tietosuojaseloste\/","title":{"rendered":"Tietosuojaseloste"},"content":{"rendered":"<div data-elementor-type=\"wp-page\" data-elementor-id=\"49\" class=\"elementor elementor-49\" data-elementor-post-type=\"page\">\n\t\t\t\t<div data-particle_enable=\"false\" data-particle-mobile-disabled=\"false\" class=\"elementor-element elementor-element-2551f67 e-flex e-con-boxed e-con e-parent\" data-id=\"2551f67\" data-element_type=\"container\" data-e-type=\"container\">\n\t\t\t\t\t<div class=\"e-con-inner\">\n\t\t\t\t<div class=\"elementor-element elementor-element-2b812bc elementor-widget elementor-widget-text-editor\" data-id=\"2b812bc\" data-element_type=\"widget\" data-e-type=\"widget\" data-widget_type=\"text-editor.default\">\n\t\t\t\t<div class=\"elementor-widget-container\">\n\t\t\t\t\t\t\t\t\t<h3 id=\"h.p_z32nYImx_SVp\" class=\"wp-block-heading\">Evabaits.fi kundregister \u2013 integritetspolicy<\/h3><h4 id=\"h.p_dRhCYoIk_SVr\" class=\"wp-block-heading\">1. Personuppgiftsansvarig<\/h4><p>Registeransvarig \u00e4r NVV Group Oy (3505814-9)<\/p><p id=\"h.p_l1zDHS_l_SVv\">Kontaktperson: Niilo Lahti<\/p><p id=\"h.p_FE8rRoE4_SVw\">Webbplats: evabaits.fi\/se<\/p><p id=\"h.p_MEyJ-Nha_SVy\">Adress: Elinbackanpolku 1, 01740, Vanda, Finland<\/p><p id=\"h.p_HoXjhJdn_SVz\">Telefon: 045 263 4727<\/p><p id=\"h.p_O21hlUjk_SV1\">E-post: info@evabaits.fi<strong><br \/><\/strong><\/p><h4 id=\"h.p_lpwcblI__SV4\" class=\"wp-block-heading\">2. Registrets namn<\/h4><p id=\"h.p_Ho2guxWT_SV5\">Registrets namn \u00e4r evabaits.fi kundregister.<\/p><h4 id=\"h.p_WInJCtvw_SV7\" class=\"wp-block-heading\">3. \u00c4ndam\u00e5let med behandlingen av personuppgifter<\/h4><p id=\"h.p_TF-HQN_B_SV8\">Personuppgifter behandlas f\u00f6r \u00e4ndam\u00e5l som r\u00f6r kundtj\u00e4nsthantering, administration, tj\u00e4nsteleverans, utveckling och fakturering. Personuppgifter behandlas ocks\u00e5 f\u00f6r att uppfylla lagstadgade skyldigheter och f\u00f6r att verifiera kundtransaktioner.<\/p><p id=\"h.p_V8C2Y7H4_SV9\">Dessutom anv\u00e4nds personuppgifter f\u00f6r direktmarknadsf\u00f6rings\u00e4ndam\u00e5l, nyhetsbrev och annan kommunikation med kunder. Som en del av detta kan personuppgifter behandlas f\u00f6r direktmarknadsf\u00f6ring via e-post eller andra elektroniska medel.<\/p><p id=\"h.p_iym9dpk8_SV-\">Kunder har r\u00e4tt att n\u00e4r som helst avs\u00e4ga sig direktmarknadsf\u00f6ring.<\/p><p id=\"h.p_h2Lyxm58_SV_\">Personuppgiftsansvarig kan l\u00e4mna ut personuppgifter till auktoriserade tredjepartsleverant\u00f6rer.<\/p><h4 id=\"h.p_wTf65S4a_SWA\" class=\"wp-block-heading\">4. R\u00e4ttslig grund f\u00f6r behandlingen<\/h4><p id=\"h.p_Uwkem52n_SWB\">Den r\u00e4ttsliga grunden f\u00f6r behandling av personuppgifter baseras p\u00e5 EU:s allm\u00e4nna dataskyddsf\u00f6rordning (GDPR):<\/p><ol><li>Den registrerade har l\u00e4mnat sitt samtycke f\u00f6r ett eller flera specifika \u00e4ndam\u00e5l (GDPR artikel 6.1 a).<\/li><li>Behandlingen \u00e4r n\u00f6dv\u00e4ndig f\u00f6r att fullg\u00f6ra ett avtal (GDPR artikel 6.1 b).<\/li><li>Behandlingen \u00e4r n\u00f6dv\u00e4ndig f\u00f6r att uppfylla en r\u00e4ttslig f\u00f6rpliktelse (GDPR artikel 6.1 c).<\/li><\/ol><p id=\"h.p_FDBPzU5-_SWU\">Den ovan n\u00e4mnda ber\u00e4ttigade intresset f\u00f6r personuppgiftsansvarig baseras p\u00e5 en relevant och l\u00e4mplig relation mellan den registrerade och personuppgiftsansvarig, vilket uppst\u00e5r genom att den registrerade \u00e4r kund hos personuppgiftsansvarig, och n\u00e4r behandlingen sker f\u00f6r \u00e4ndam\u00e5l som den registrerade rimligen kan f\u00f6rv\u00e4nta sig vid tidpunkten f\u00f6r insamlingen av personuppgifter och inom ramen f\u00f6r den relevanta relationen.<\/p><h4 id=\"h.p_0kSAMNRG_SWW\" class=\"wp-block-heading\">5. Registrets inneh\u00e5ll (kategorier av personuppgifter som behandlas)<\/h4><p id=\"h.p_KdQ0O0-B_SWX\">Registret inneh\u00e5ller f\u00f6ljande personuppgifter i princip om alla registrerade personer:<\/p><ol><li>Grundl\u00e4ggande personuppgifter och kontaktuppgifter: f\u00f6rnamn, efternamn, adress, telefonnummer och e-postadress.<\/li><li>Uppgifter relaterade till personens f\u00f6retag eller annan organisation samt personens befattning eller titel i det aktuella f\u00f6retaget eller organisationen;<\/li><li>Personens tillst\u00e5nd och f\u00f6rbud f\u00f6r direktmarknadsf\u00f6ring.<\/li><\/ol><h4 id=\"h.p_Zp_ELLFZ_SWc\" class=\"wp-block-heading\">6. Regelm\u00e4ssiga datak\u00e4llor<\/h4><p id=\"h.p_PMUyHoU7_SWe\">Personuppgifter samlas in direkt fr\u00e5n den registrerade sj\u00e4lv.<\/p><p id=\"h.p_G4t9jz1X_SWe\">Personuppgifter samlas \u00e4ven in och uppdateras, inom ramen f\u00f6r till\u00e4mplig lagstiftning, fr\u00e5n allm\u00e4nt tillg\u00e4ngliga k\u00e4llor som \u00e4r relaterade till genomf\u00f6randet av kundf\u00f6rh\u00e5llandet mellan personuppgiftsansvarig och den registrerade, och som g\u00f6r det m\u00f6jligt f\u00f6r personuppgiftsansvarig att fullg\u00f6ra sina skyldigheter i samband med uppr\u00e4tth\u00e5llandet av kundrelationer.<\/p><h4 id=\"h.p_q-OucKLd_SWf\" class=\"wp-block-heading\">7. Lagringstid f\u00f6r personuppgifter<\/h4><p id=\"h.p_taFJ5L92_SWl\">De uppgifter som samlats in i registret lagras endast s\u00e5 l\u00e4nge och i den omfattning som \u00e4r n\u00f6dv\u00e4ndig i f\u00f6rh\u00e5llande till de ursprungliga eller f\u00f6renliga \u00e4ndam\u00e5l f\u00f6r vilka personuppgifterna samlades in.<\/p><p id=\"h.p_aJ4c50Mg_SWn\">Behovet av att lagra personuppgifter bed\u00f6ms vart femte \u00e5r och i alla h\u00e4ndelser raderas uppgifterna om den registrerade fr\u00e5n registret n\u00e4r kundf\u00f6rh\u00e5llandet med personuppgiftsansvarig har upph\u00f6rt och alla skyldigheter och \u00e5tg\u00e4rder som r\u00f6r kundf\u00f6rh\u00e5llandet har slutf\u00f6rts. Till exempel lagras bokf\u00f6ringshandlingar i fem \u00e5r efter r\u00e4kenskaps\u00e5rets slut.<\/p><p id=\"h.p_1xufhJAU_SWn\">Personuppgiftsansvarig bed\u00f6mer regelbundet behovet av datalagring i enlighet med sina interna uppf\u00f6randeregler. Dessutom vidtar personuppgiftsansvarig alla rimliga \u00e5tg\u00e4rder f\u00f6r att s\u00e4kerst\u00e4lla att felaktiga, oriktiga eller f\u00f6r\u00e5ldrade personuppgifter i f\u00f6rh\u00e5llande till behandlings\u00e4ndam\u00e5len raderas eller r\u00e4ttas utan dr\u00f6jsm\u00e5l.<\/p><h4 id=\"h.p_ORhoRJpH_SWo\" class=\"wp-block-heading\">8. Mottagare av personuppgifter (mottagarkategorier) samt regelbundna utl\u00e4mnanden av uppgifter<\/h4><p id=\"h.p_cdJRNa35_SWp\">Personuppgifter l\u00e4mnas inte ut till externa parter.<\/p><h4 id=\"h.p_4Mk1q0Du_SWr\" class=\"wp-block-heading\">9. \u00d6verf\u00f6ring av uppgifter utanf\u00f6r EU eller EES<\/h4><p id=\"h.p_PAkw5iyh_SWs\">Personuppgifter som ing\u00e5r i registret \u00f6verf\u00f6rs inte utanf\u00f6r EU eller EES.<\/p><h4 id=\"h.p_oNiUMEiP_SWt\" class=\"wp-block-heading\">10. Principer f\u00f6r skydd av personregistret<\/h4><p id=\"h.p_Re_OYGzk_SWu\">Material som inneh\u00e5ller personuppgifter f\u00f6rvaras i l\u00e5sta lokaler, med tillg\u00e5ng endast f\u00f6r utsedda personer som \u00e4r beh\u00f6riga att ha tillg\u00e5ng till dem p\u00e5 grund av sina arbetsuppgifter.<\/p><p id=\"h.p_d1J-mDBP_SWv\">Databasen som inneh\u00e5ller personuppgifter finns p\u00e5 en server som f\u00f6rvaras i en l\u00e5st lokal, med tillg\u00e5ng endast f\u00f6r utsedda personer som \u00e4r beh\u00f6riga att ha tillg\u00e5ng till den p\u00e5 grund av sina arbetsuppgifter. Servern \u00e4r skyddad med en l\u00e4mplig brandv\u00e4gg och tekniska skydds\u00e5tg\u00e4rder.<\/p><p id=\"h.p_gu2VK9xi_SWw\">Tillg\u00e5ng till databaser och system ges endast med individuellt utf\u00e4rdade personliga anv\u00e4ndarnamn och l\u00f6senord. Personuppgiftsansvarig har begr\u00e4nsat \u00e5tkomst- och beh\u00f6righetsr\u00e4ttigheterna till informationssystemen och andra lagringsplattformar s\u00e5 att endast de personer som beh\u00f6ver uppgifterna f\u00f6r laglig behandling kan se och behandla dem. Dessutom registreras alla anv\u00e4ndningsh\u00e4ndelser i databaser och system i personuppgiftsansvarigs IT-systems loggar.<\/p><p id=\"h.p_MBRKrMgU_SW1\">Personuppgiftsansvarigs anst\u00e4llda och andra personer har f\u00f6rbundit sig att iaktta tystnadsplikt och att h\u00e5lla hemliga de uppgifter de f\u00e5r i samband med behandlingen av personuppgifter.<\/p><h4 id=\"h.p_Lr72u_yt_SW2\" class=\"wp-block-heading\">11. Den registrerades r\u00e4ttigheter<\/h4><p id=\"h.p_VTyYar5k_SW4\">Den registrerade har f\u00f6ljande r\u00e4ttigheter enligt EU:s allm\u00e4nna dataskyddsf\u00f6rordning (GDPR):<\/p><ol><li>R\u00e4tt att f\u00e5 av personuppgiftsansvarig en bekr\u00e4ftelse p\u00e5 om personuppgifter som r\u00f6r den registrerade behandlas eller inte, och, om s\u00e5dana personuppgifter behandlas, r\u00e4tt att f\u00e5 tillg\u00e5ng till personuppgifterna samt f\u00f6ljande information: (i) \u00e4ndam\u00e5len med behandlingen; (ii) de ber\u00f6rda kategorierna av personuppgifter; (iii) mottagarna eller kategorierna av mottagare till vilka personuppgifterna har l\u00e4mnats ut eller kommer att l\u00e4mnas ut; (iv) om m\u00f6jligt, den planerade lagringstiden f\u00f6r personuppgifterna eller, om detta inte \u00e4r m\u00f6jligt, de kriterier som anv\u00e4nds f\u00f6r att fastst\u00e4lla denna tid; (v) den registrerades r\u00e4tt att beg\u00e4ra av personuppgiftsansvarig r\u00e4ttelse eller radering av personuppgifter som r\u00f6r honom eller henne, eller begr\u00e4nsning av behandlingen, eller att inv\u00e4nda mot s\u00e5dan behandling; (vi) r\u00e4tten att inge klagom\u00e5l till en tillsynsmyndighet; (vii) om personuppgifterna inte samlas in fr\u00e5n den registrerade, all tillg\u00e4nglig information om deras ursprung (GDPR artikel 15). Denna grundl\u00e4ggande information (i)\u2013(vii) ges till den registrerade p\u00e5 detta formul\u00e4r.<\/li><li>R\u00e4tt att n\u00e4r som helst \u00e5terkalla samtycke utan att detta p\u00e5verkar lagligheten av behandling som grundats p\u00e5 samtycke innan det \u00e5terkallades (GDPR artikel 7);<\/li><li>R\u00e4tt att kr\u00e4va att personuppgiftsansvarig utan on\u00f6digt dr\u00f6jsm\u00e5l r\u00e4ttar felaktiga eller oriktiga personuppgifter som r\u00f6r den registrerade samt r\u00e4tt att f\u00e5 ofullst\u00e4ndiga personuppgifter kompletterade, bland annat genom att l\u00e4mna ytterligare information, med h\u00e4nsyn till de \u00e4ndam\u00e5l f\u00f6r vilka uppgifterna behandlades (GDPR artikel 16);<\/li><li>R\u00e4tt att f\u00e5 personuppgiftsansvarig att utan on\u00f6digt dr\u00f6jsm\u00e5l radera personuppgifter som r\u00f6r den registrerade, under f\u00f6ruts\u00e4ttning att: (i) personuppgifterna inte l\u00e4ngre \u00e4r n\u00f6dv\u00e4ndiga f\u00f6r de \u00e4ndam\u00e5l f\u00f6r vilka de samlades in eller annars behandlades; (ii) den registrerade \u00e5terkallar samtycket som behandlingen grundats p\u00e5 och det saknas annan r\u00e4ttslig grund f\u00f6r behandlingen; (iii) den registrerade inv\u00e4nder mot behandlingen p\u00e5 grund av sin s\u00e4rskilda personliga situation och det inte finns n\u00e5got ber\u00e4ttigat sk\u00e4l f\u00f6r behandlingen, eller den registrerade inv\u00e4nder mot behandling f\u00f6r direktmarknadsf\u00f6rings\u00e4ndam\u00e5l; (iv) personuppgifterna har behandlats p\u00e5 ett olagligt s\u00e4tt; eller (v) personuppgifterna m\u00e5ste raderas f\u00f6r att uppfylla en r\u00e4ttslig skyldighet enligt unionsr\u00e4tten eller nationell lag som g\u00e4ller f\u00f6r personuppgiftsansvarig (GDPR artikel 17);<\/li><li>R\u00e4tt att f\u00e5 personuppgiftsansvarig att begr\u00e4nsa behandlingen om: (i) den registrerade bestrider personuppgifternas riktighet, varvid behandlingen begr\u00e4nsas under den tid d\u00e5 personuppgiftsansvarig kan verifiera uppgifternas riktighet; (ii) behandlingen \u00e4r olaglig och den registrerade mots\u00e4tter sig radering av personuppgifterna och beg\u00e4r i st\u00e4llet en begr\u00e4nsning av deras anv\u00e4ndning; (iii) personuppgiftsansvarig inte l\u00e4ngre beh\u00f6ver personuppgifterna f\u00f6r behandlings\u00e4ndam\u00e5len, men de beh\u00f6vs av den registrerade f\u00f6r att fastst\u00e4lla, ut\u00f6va eller f\u00f6rsvara r\u00e4ttsliga anspr\u00e5k; eller (iv) den registrerade har inv\u00e4nt mot behandlingen p\u00e5 grund av sin s\u00e4rskilda personliga situation, i avvaktan p\u00e5 en verifiering av om personuppgiftsansvarigs ber\u00e4ttigade sk\u00e4l v\u00e4ger tyngre \u00e4n den registrerades sk\u00e4l (GDPR artikel 18);<\/li><li>R\u00e4tt att f\u00e5 de personuppgifter som r\u00f6r en sj\u00e4lv och som den registrerade har l\u00e4mnat till personuppgiftsansvarig i ett strukturerat, allm\u00e4nt anv\u00e4nt och maskinl\u00e4sbart format, samt r\u00e4tten att \u00f6verf\u00f6ra dessa uppgifter till en annan personuppgiftsansvarig utan hinder fr\u00e5n den personuppgiftsansvarig till vilken personuppgifterna har l\u00e4mnats, om behandlingen grundas p\u00e5 samtycke enligt f\u00f6rordningen och behandlingen sker automatiserat (GDPR artikel 20);<\/li><li>R\u00e4tt att inge klagom\u00e5l till en tillsynsmyndighet om den registrerade anser att behandlingen av personuppgifter som r\u00f6r honom eller henne strider mot EU:s allm\u00e4nna dataskyddsf\u00f6rordning (GDPR artikel 77).<\/li><\/ol><p id=\"h.p_xZsW9AJd_SXB\">Beg\u00e4randen om att ut\u00f6va den registrerades r\u00e4ttigheter ska riktas till den personuppgiftsansvarigs kontaktperson som anges i avsnitt 1.<\/p><h4 id=\"h.p_bn4xeNEBCPUb\" class=\"wp-block-heading\">12. Webbanalys<\/h4><p id=\"h.p_O4GUEGVtCRI5\">F\u00f6ljande tj\u00e4nster samlar in anonymiserad information om bes\u00f6k p\u00e5 webbplatsen utan personuppgifter, f\u00f6rutsatt att du har accepterat cookies:<\/p><p id=\"h.p_VtifCHdYCZho\">Google Analytics, Google Tag Manager, Google AdWords och Meta.<\/p><h4 id=\"h.p_bRuYBMxUCany\" class=\"wp-block-heading\">13. Riktad marknadsf\u00f6ring<\/h4><p id=\"h.p_cHI9EiANCjzZ\">Baserat p\u00e5 ditt bes\u00f6k p\u00e5 v\u00e5r webbplats kan vi genomf\u00f6ra riktad annonsering i f\u00f6ljande tj\u00e4nster, f\u00f6rutsatt att du har accepterat cookies:<\/p><p>Facebook, Instagram &amp; Google.<\/p><h4 class=\"wp-block-heading\">14 Returer<\/h4><p>Du har r\u00e4tt att \u00e5ngra din best\u00e4llning och returnera produkterna inom 14 dagar efter att du har mottagit dem. De returnerade produkterna m\u00e5ste vara o\u00f6ppnade, oanv\u00e4nda och i \u00e5terf\u00f6rs\u00e4ljningsbart skick. Kunden ansvarar f\u00f6r fraktkostnaderna som uppst\u00e5r vid retur. <br \/><br \/>Om du vill returnera produkter, v\u00e4nligen kontakta v\u00e5r kundtj\u00e4nst: info@evabaits.fi.<\/p><p id=\"h.p_57SMTpzGClNA\"><br \/><br \/><br \/><\/p>\t\t\t\t\t\t\t\t<\/div>\n\t\t\t\t<\/div>\n\t\t\t\t\t<\/div>\n\t\t\t\t<\/div>\n\t\t\t\t<\/div>","protected":false},"excerpt":{"rendered":"<p>Evabaits.fi asiakasrekisterin tietosuojaseloste 1 Rekisterinpit\u00e4j\u00e4 Rekisterin rekisterinpit\u00e4j\u00e4 on NVV Group Oy (3505814-9) Rekisteriasioiden yhteyshenkil\u00f6 on: Niilo Lahti evabaits.fi Osoite: Elinbackanpolku 1, 01740, Vantaa, Suomi Puhelin: 045 263 4727 S\u00e4hk\u00f6posti: info@evabaits.fi 2 Rekisterin nimi Rekisterin nimi on evabaits.fi asiakasrekisteri. 3 Henkil\u00f6tietojen k\u00e4sittelyn tarkoitus Henkil\u00f6tietoja k\u00e4sitell\u00e4\u00e4n tarkoituksissa, jotka liittyv\u00e4t asiakassuhteen hoitamiseen, hallinnointiin ja kehitt\u00e4miseen, palvelujen tarjoamiseen ja [&hellip;]<\/p>\n","protected":false},"author":1,"featured_media":0,"parent":0,"menu_order":0,"comment_status":"closed","ping_status":"closed","template":"","meta":{"footnotes":""},"class_list":["post-49","page","type-page","status-publish","hentry"],"_links":{"self":[{"href":"https:\/\/evabaits.fi\/se\/wp-json\/wp\/v2\/pages\/49","targetHints":{"allow":["GET"]}}],"collection":[{"href":"https:\/\/evabaits.fi\/se\/wp-json\/wp\/v2\/pages"}],"about":[{"href":"https:\/\/evabaits.fi\/se\/wp-json\/wp\/v2\/types\/page"}],"author":[{"embeddable":true,"href":"https:\/\/evabaits.fi\/se\/wp-json\/wp\/v2\/users\/1"}],"replies":[{"embeddable":true,"href":"https:\/\/evabaits.fi\/se\/wp-json\/wp\/v2\/comments?post=49"}],"version-history":[{"count":20,"href":"https:\/\/evabaits.fi\/se\/wp-json\/wp\/v2\/pages\/49\/revisions"}],"predecessor-version":[{"id":6101,"href":"https:\/\/evabaits.fi\/se\/wp-json\/wp\/v2\/pages\/49\/revisions\/6101"}],"wp:attachment":[{"href":"https:\/\/evabaits.fi\/se\/wp-json\/wp\/v2\/media?parent=49"}],"curies":[{"name":"wp","href":"https:\/\/api.w.org\/{rel}","templated":true}]}}