{"id":51,"date":"2024-06-04T09:28:29","date_gmt":"2024-06-04T09:28:29","guid":{"rendered":"https:\/\/evabaits.fi\/?page_id=51"},"modified":"2024-11-12T21:19:37","modified_gmt":"2024-11-12T19:19:37","slug":"evasteet","status":"publish","type":"page","link":"https:\/\/evabaits.fi\/se\/evasteet\/","title":{"rendered":"Ev\u00e4steet"},"content":{"rendered":"<div data-elementor-type=\"wp-page\" data-elementor-id=\"51\" class=\"elementor elementor-51\" data-elementor-post-type=\"page\">\n\t\t\t\t<div data-particle_enable=\"false\" data-particle-mobile-disabled=\"false\" class=\"elementor-element elementor-element-ece1f88 e-flex e-con-boxed e-con e-parent\" data-id=\"ece1f88\" data-element_type=\"container\" data-e-type=\"container\">\n\t\t\t\t\t<div class=\"e-con-inner\">\n\t\t\t\t<div class=\"elementor-element elementor-element-3667f26 elementor-widget elementor-widget-text-editor\" data-id=\"3667f26\" data-element_type=\"widget\" data-e-type=\"widget\" data-widget_type=\"text-editor.default\">\n\t\t\t\t<div class=\"elementor-widget-container\">\n\t\t\t\t\t\t\t\t\t<h1>Ev\u00e4stek\u00e4yt\u00e4nt\u00f6<\/h1><p>Viimeksi p\u00e4ivitetty: 10.7.2024 \/ Jami Tauniharju<\/p><p>Tervetuloa Ev\u00e4 Baits verkkokauppaan! K\u00e4yt\u00e4mme ev\u00e4steit\u00e4 parantaaksemme k\u00e4ytt\u00f6kokemustasi, analysoidaksemme verkkosivuston liikennett\u00e4 ja kohdentaaksemme mainontaa. T\u00e4m\u00e4 ev\u00e4stek\u00e4yt\u00e4nt\u00f6 selitt\u00e4\u00e4, miten ja miksi k\u00e4yt\u00e4mme ev\u00e4steit\u00e4.<\/p><h2>Mit\u00e4 ev\u00e4steet ovat?<\/h2><p>Ev\u00e4steet ovat pieni\u00e4 tekstitiedostoja, jotka verkkosivusto tallentaa tietokoneellesi tai mobiililaitteellesi, kun vierailet sivustolla. Ne mahdollistavat verkkosivuston muistamaan toimintasi ja asetuksesi (kuten kirjautumisen, kielen, fonttikoon ja muita n\u00e4ytt\u00f6asetuksia) tietyn ajanjakson ajan, joten sinun ei tarvitse asettaa niit\u00e4 uudelleen, kun palaat sivustolle tai selaat sivulta toiselle.<\/p><h2>Kuinka k\u00e4yt\u00e4mme ev\u00e4steit\u00e4?<\/h2><p>Niilo Lahti Tmi k\u00e4ytt\u00e4\u00e4 ev\u00e4steit\u00e4 seuraaviin tarkoituksiin:<\/p><ul><li><strong>V\u00e4ltt\u00e4m\u00e4tt\u00f6m\u00e4t ev\u00e4steet<\/strong>: N\u00e4m\u00e4 ev\u00e4steet ovat v\u00e4ltt\u00e4m\u00e4tt\u00f6mi\u00e4 verkkosivuston perustoimintojen kannalta ja ne ovat aina k\u00e4yt\u00f6ss\u00e4.<\/li><li><strong>Suorituskyky- ja analytiikkaev\u00e4steet<\/strong>: N\u00e4m\u00e4 ev\u00e4steet ker\u00e4\u00e4v\u00e4t tietoa siit\u00e4, miten k\u00e4yt\u00e4t verkkosivustoa, kuten mit\u00e4 sivuja k\u00e4yt\u00e4t eniten. K\u00e4yt\u00e4mme t\u00e4t\u00e4 tietoa parantaaksemme sivustoa.<\/li><li><strong>Toiminnalliset ev\u00e4steet<\/strong>: N\u00e4m\u00e4 mahdollistavat verkkosivuston muistamaan tekem\u00e4si valinnat (kuten k\u00e4ytt\u00e4j\u00e4nimen, kielen tai alueen) ja tarjoavat parannettuja, henkil\u00f6kohtaisempia ominaisuuksia.<\/li><li><strong>Mainonta- ja kohdennusev\u00e4steet<\/strong>: N\u00e4m\u00e4 ev\u00e4steet ker\u00e4\u00e4v\u00e4t tietoa selailutavoistasi tarkoituksena n\u00e4ytt\u00e4\u00e4 sinulle r\u00e4\u00e4t\u00e4l\u00f6ity\u00e4 mainontaa.<\/li><\/ul><h2>Mit\u00e4 ev\u00e4steit\u00e4 k\u00e4yt\u00e4mme?<\/h2><p>K\u00e4yt\u00e4mme sivustollamme Googlen ev\u00e4steit\u00e4.<\/p><p>K\u00e4yt\u00f6ss\u00e4mme oleva Googlen analysointity\u00f6kalu Google Analytics auttaa meit\u00e4 selvitt\u00e4m\u00e4\u00e4n, miten vierailijat k\u00e4ytt\u00e4v\u00e4t sivustoamme ja sen my\u00f6t\u00e4 parantamaan sivustoamme. Google analytics k\u00e4ytt\u00e4\u00e4 ev\u00e4steit\u00e4 tiedon ker\u00e4\u00e4miseen ja sen analysoimiseen.\u00a0\u00a0<\/p><h2>Hallinnoi ev\u00e4stesuosituksiasi<\/h2><p>Voit hallinnoida ja\/tai poistaa ev\u00e4steit\u00e4 vapaasti. Voit poistaa kaikki tietokoneellesi tallennetut ev\u00e4steet ja asettaa useimmat selaimet est\u00e4m\u00e4\u00e4n niiden asettamisen. Huomaa, ett\u00e4 jos teet n\u00e4in, saatat joutua manuaalisesti mukauttamaan joitakin asetuksia joka kerta, kun vierailet sivustolla, ja jotkin palvelut ja toiminnot eiv\u00e4t v\u00e4ltt\u00e4m\u00e4tt\u00e4 toimi.<\/p><p>Voit suoraan hallinnoida omia ev\u00e4steasetuksiasi verkkosivuillamme vasemmassa alalaidassa olevan CookieBot ikonin avulla ja asettaa mieluiset ev\u00e4steet k\u00e4ytt\u00f6\u00f6si.<\/p><h2>Yhteystiedot<\/h2><p>Jos sinulla her\u00e4\u00e4 kysytt\u00e4v\u00e4\u00e4 ev\u00e4stek\u00e4yt\u00e4nn\u00f6st\u00e4mme, ota yhteytt\u00e4 osoitteeseen: info@evabaits.fi<\/p>\t\t\t\t\t\t\t\t<\/div>\n\t\t\t\t<\/div>\n\t\t\t\t<div class=\"elementor-element elementor-element-9868650 elementor-widget elementor-widget-heading\" data-id=\"9868650\" data-element_type=\"widget\" data-e-type=\"widget\" data-widget_type=\"heading.default\">\n\t\t\t\t<div class=\"elementor-widget-container\">\n\t\t\t\t\t<h2 class=\"elementor-heading-title elementor-size-default\">Ev\u00e4stetiedot:<\/h2>\t\t\t\t<\/div>\n\t\t\t\t<\/div>\n\t\t\t\t<div class=\"elementor-element elementor-element-0a5e1f2 elementor-widget elementor-widget-html\" data-id=\"0a5e1f2\" data-element_type=\"widget\" data-e-type=\"widget\" data-widget_type=\"html.default\">\n\t\t\t\t<div class=\"elementor-widget-container\">\n\t\t\t\t\t<script id=\"CookieDeclaration\" src=\"https:\/\/consent.cookiebot.com\/740fcd38-37a0-4a4b-8831-f4deaa8b28dc\/cd.js\" type=\"text\/javascript\" async><\/script>\t\t\t\t<\/div>\n\t\t\t\t<\/div>\n\t\t\t\t\t<\/div>\n\t\t\t\t<\/div>\n\t\t\t\t<\/div>","protected":false},"excerpt":{"rendered":"<p>Ev\u00e4stek\u00e4yt\u00e4nt\u00f6 Viimeksi p\u00e4ivitetty: 10.7.2024 \/ Jami Tauniharju Tervetuloa Ev\u00e4 Baits verkkokauppaan! K\u00e4yt\u00e4mme ev\u00e4steit\u00e4 parantaaksemme k\u00e4ytt\u00f6kokemustasi, analysoidaksemme verkkosivuston liikennett\u00e4 ja kohdentaaksemme mainontaa. T\u00e4m\u00e4 ev\u00e4stek\u00e4yt\u00e4nt\u00f6 selitt\u00e4\u00e4, miten ja miksi k\u00e4yt\u00e4mme ev\u00e4steit\u00e4. Mit\u00e4 ev\u00e4steet ovat? Ev\u00e4steet ovat pieni\u00e4 tekstitiedostoja, jotka verkkosivusto tallentaa tietokoneellesi tai mobiililaitteellesi, kun vierailet sivustolla. Ne mahdollistavat verkkosivuston muistamaan toimintasi ja asetuksesi (kuten kirjautumisen, kielen, [&hellip;]<\/p>\n","protected":false},"author":1,"featured_media":0,"parent":0,"menu_order":0,"comment_status":"closed","ping_status":"closed","template":"","meta":{"footnotes":""},"class_list":["post-51","page","type-page","status-publish","hentry"],"_links":{"self":[{"href":"https:\/\/evabaits.fi\/se\/wp-json\/wp\/v2\/pages\/51","targetHints":{"allow":["GET"]}}],"collection":[{"href":"https:\/\/evabaits.fi\/se\/wp-json\/wp\/v2\/pages"}],"about":[{"href":"https:\/\/evabaits.fi\/se\/wp-json\/wp\/v2\/types\/page"}],"author":[{"embeddable":true,"href":"https:\/\/evabaits.fi\/se\/wp-json\/wp\/v2\/users\/1"}],"replies":[{"embeddable":true,"href":"https:\/\/evabaits.fi\/se\/wp-json\/wp\/v2\/comments?post=51"}],"version-history":[{"count":20,"href":"https:\/\/evabaits.fi\/se\/wp-json\/wp\/v2\/pages\/51\/revisions"}],"predecessor-version":[{"id":3421,"href":"https:\/\/evabaits.fi\/se\/wp-json\/wp\/v2\/pages\/51\/revisions\/3421"}],"wp:attachment":[{"href":"https:\/\/evabaits.fi\/se\/wp-json\/wp\/v2\/media?parent=51"}],"curies":[{"name":"wp","href":"https:\/\/api.w.org\/{rel}","templated":true}]}}