{"id":53,"date":"2024-06-04T09:52:37","date_gmt":"2024-06-04T09:52:37","guid":{"rendered":"https:\/\/evabaits.fi\/?page_id=53"},"modified":"2025-09-12T00:39:09","modified_gmt":"2025-09-11T21:39:09","slug":"toimitus-ja-maksuehdot","status":"publish","type":"page","link":"https:\/\/evabaits.fi\/se\/toimitus-ja-maksuehdot\/","title":{"rendered":"Leverans - och betalningsvillkor"},"content":{"rendered":"<div data-elementor-type=\"wp-page\" data-elementor-id=\"53\" class=\"elementor elementor-53\" data-elementor-post-type=\"page\">\n\t\t\t\t<div data-particle_enable=\"false\" data-particle-mobile-disabled=\"false\" class=\"elementor-element elementor-element-2c9553a e-flex e-con-boxed e-con e-parent\" data-id=\"2c9553a\" data-element_type=\"container\" data-e-type=\"container\">\n\t\t\t\t\t<div class=\"e-con-inner\">\n\t\t\t\t<div class=\"elementor-element elementor-element-10ce6be elementor-widget elementor-widget-heading\" data-id=\"10ce6be\" data-element_type=\"widget\" data-e-type=\"widget\" data-widget_type=\"heading.default\">\n\t\t\t\t<div class=\"elementor-widget-container\">\n\t\t\t\t\t<h2 class=\"elementor-heading-title elementor-size-default\">Leverans - och betalningsvillkor<\/h2>\t\t\t\t<\/div>\n\t\t\t\t<\/div>\n\t\t\t\t<div class=\"elementor-element elementor-element-cf61403 elementor-widget elementor-widget-text-editor\" data-id=\"cf61403\" data-element_type=\"widget\" data-e-type=\"widget\" data-widget_type=\"text-editor.default\">\n\t\t\t\t<div class=\"elementor-widget-container\">\n\t\t\t\t\t\t\t\t\t<p><strong>Leveranstid<\/strong><\/p><p>Produkter levereras alltid s\u00e5 snabbt som m\u00f6jligt efter att orderbekr\u00e4ftelsen har mottagits. Leveranstiden beror p\u00e5 vilket fraktbolag du v\u00e4ljer.\u00a0<\/p><p>Den typiska leveranstiden inom Finland \u00e4r <strong>2\u20135 arbetsdagar.<\/strong>.<\/p><p>Tuotteiden toimitusaika suomen ulkopuolelle on <strong>4\u20138 arbetsdagar.<\/strong>.\u00a0<\/p><p>Vi ansvarar inte f\u00f6r f\u00f6rseningar som orsakas av fraktbolag eller f\u00f6r eventuella besv\u00e4r som uppst\u00e5r till f\u00f6ljd av s\u00e5dana f\u00f6rseningar.<\/p><p><strong>Leveranss\u00e4tt<\/strong><\/p><p>Produkter levereras med det leveranss\u00e4tt som kunden valt fr\u00e5n Ev\u00e4 Baits lager. Du f\u00e5r en avisering via e-post n\u00e4r produkten finns tillg\u00e4nglig f\u00f6r upph\u00e4mtning eller har anl\u00e4nt.<\/p><p>V\u00e5r partner, Shipit Oy Ab, sk\u00f6ter samordningen av leveranserna och f\u00f6ljande fraktbolag anv\u00e4nds:<\/p><p>Inom Finland: Posti &amp; Matkahuolto<\/p><p>Utanf\u00f6r Finland: PostNord &amp; UPS<\/p><p><strong>Leveransbetalning<\/strong><\/p><p>Fraktkostnaden i webbutiken beror p\u00e5 det leveranss\u00e4tt du v\u00e4ljer. Du ser din fraktkostnad i kassan efter att du har angett din leveransinformation.<\/p><p><strong>Fraktkostnader<\/strong><\/p><p><strong>Finland:<\/strong><\/p><ul><li>Postpaket och Matkahuolto n\u00e4rliggande utl\u00e4mningsst\u00e4lle: 5,90 \u20ac (Fri frakt f\u00f6r best\u00e4llningar \u00f6ver 60 \u20ac).\u00a0<\/li><\/ul><p><strong>Sverige, Estland, Lettland &amp; Litauen:<\/strong><\/p><ul><li>PostNord MyPack Collect: 9,90 \u20ac (F\u00f6r best\u00e4llningar \u00f6ver 30 \u20ac tillkommer en leveransavgift p\u00e5 5 \u20ac)<\/li><\/ul><p><strong>Saksa, Alankomaat ja Belgia:<\/strong><\/p><ul><li>PostNord MyPack Collect: 15,90 \u20ac (F\u00f6r best\u00e4llningar \u00f6ver 30 \u20ac tillkommer en leveransavgift p\u00e5 5 \u20ac)<\/li><\/ul><p><strong>Italien, Spanien, Grekland &amp; Portugal:<\/strong><\/p><ul><li>UPS Standard: 18,50 \u20ac (F\u00f6r best\u00e4llningar \u00f6ver 30 \u20ac tillkommer en leveransavgift p\u00e5 5 \u20ac)<\/li><\/ul><p><strong>Polen, Bulgarien, Kroatien,<\/strong><strong>Rum\u00e4nien, Slovakien, Slovenien, Tjeckien &amp; Ungern:<\/strong><\/p><ul><li>UPS Standard: 19,50 \u20ac (F\u00f6r best\u00e4llningar \u00f6ver 30 \u20ac tillkommer en leveransavgift p\u00e5 5 \u20ac)<\/li><\/ul><p><strong>Nederl\u00e4nderna &amp; Belgien:<\/strong><\/p><ul><li>PostNord MyPack Collect: 15,90 \u20ac (F\u00f6r best\u00e4llningar \u00f6ver 30 \u20ac tillkommer en leveransavgift p\u00e5 5 \u20ac)<\/li><\/ul><p><strong>Danmark:<\/strong><\/p><ul><li>PostNord MyPack Collect: 14,90 \u20ac (F\u00f6r best\u00e4llningar \u00f6ver 30 \u20ac tillkommer en leveransavgift p\u00e5 5 \u20ac)<\/li><\/ul><p><strong>\u00d6sterrike:<\/strong><\/p><ul><li>PostNord MyPack Collect: 18,90 \u20ac (F\u00f6r best\u00e4llningar \u00f6ver 30 \u20ac tillkommer en leveransavgift p\u00e5 5 \u20ac)<\/li><\/ul><p><strong>Frankrike:<\/strong><\/p><ul><li>PostNord MyPack Collect: 21,50 \u20ac (F\u00f6r best\u00e4llningar \u00f6ver 30 \u20ac tillkommer en leveransavgift p\u00e5 5 \u20ac)<\/li><\/ul><p><strong>Luxemburg:<\/strong><\/p><ul><li>PostNord MyPack Collect: 16,00 \u20ac (F\u00f6r best\u00e4llningar \u00f6ver 30 \u20ac tillkommer en leveransavgift p\u00e5 5 \u20ac)<\/li><\/ul><p>Om du har n\u00e5gra fr\u00e5gor g\u00e4llande leverans \u00e4r du varmt v\u00e4lkommen att kontakta v\u00e5r kundtj\u00e4nst p\u00e5:\n\ud83d\udce7 info@evabaits.fi<\/p><p><strong>Betaltj\u00e4nstleverant\u00f6r<\/strong><\/p><p><span data-contrast=\"auto\">Betaltj\u00e4nstleverant\u00f6ren f\u00f6r internationella betalningstransaktioner \u00e4r Paytrail Oyj (FO-nummer 2122839-7), i samarbete med finska banker och kreditinstitut. Paytrail Oyj kommer att visas som mottagare av betalningen p\u00e5 ditt kontoutdrag eller din kortfaktura, och de vidarebefordrar betalningen till s\u00e4ljaren. Vid eventuella klagom\u00e5l ber vi dig i f\u00f6rsta hand kontakta produktleverant\u00f6ren.\n\nBetaltj\u00e4nstleverant\u00f6ren f\u00f6r betalningar med Visa, Visa Electron och MasterCard \u00e4r Paytrail Oyj (FO-nummer 2122839-7), i samarbete med finska banker och kreditinstitut. Paytrail Oyj kommer att visas som mottagare av betalningen p\u00e5 ditt kontoutdrag eller din kortfaktura. Vid eventuella klagom\u00e5l ber vi dig i f\u00f6rsta hand kontakta produktleverant\u00f6ren.<\/span><span data-ccp-props=\"{&quot;134233117&quot;:true,&quot;134233118&quot;:true}\">\u00a0<\/span><\/p><p><span data-contrast=\"auto\">Paytrail Oyj, y-tunnus: 2122839-7<\/span>\u00a0<br \/><span data-contrast=\"auto\">Innova 2<\/span>\u00a0<br \/><span data-contrast=\"auto\">Lutakonaukio 7<\/span>\u00a0<br \/><span data-contrast=\"auto\">40100 Jyv\u00e4skyl\u00e4<\/span>\u00a0<br \/><span data-contrast=\"auto\"><a href=\"https:\/\/www.paytrail.com\/kuluttaja\/tietoa-maksamisesta\">https:\/\/www.paytrail.com\/kuluttaja\/tietoa-maksamisesta<\/a>\u00a0<\/span><span data-ccp-props=\"{&quot;134233117&quot;:true,&quot;134233118&quot;:true}\">\u00a0<\/span><\/p><p><strong>Onlinebetalning<\/strong><\/p><p>Betaltj\u00e4nstleverant\u00f6ren f\u00f6r onlinebetalningstransaktioner \u00e4r Paytrail Oyj (FO-nummer 2122839-7), i samarbete med finska banker och kreditinstitut. Paytrail Oyj k\u00f6per betalningstransaktionen och vidarebefordrar den till s\u00e4ljaren.<\/p><p><strong>Betalningar med Visa, Visa Electron eller MasterCard<\/strong><\/p><p>Betaltj\u00e4nstleverant\u00f6ren f\u00f6r internationella betalningstransaktioner \u00e4r Paytrail Oyj (FO-nummer 2122839-7), i samarbete med finska banker och kreditinstitut. Paytrail Oyj kommer att visas som mottagare av betalningen p\u00e5 ditt kontoutdrag eller din kortfaktura, och de vidarebefordrar betalningen till s\u00e4ljaren. Vid eventuella klagom\u00e5l ber vi dig i f\u00f6rsta hand kontakta produktleverant\u00f6ren.\n\nBetaltj\u00e4nstleverant\u00f6ren f\u00f6r betalningar med Visa, Visa Electron och MasterCard \u00e4r Paytrail Oyj (FO-nummer 2122839-7), i samarbete med finska banker och kreditinstitut. Paytrail Oyj kommer att visas som mottagare av betalningen p\u00e5 ditt kontoutdrag eller din kortfaktura. Vid eventuella klagom\u00e5l ber vi dig i f\u00f6rsta hand kontakta produktleverant\u00f6ren.<\/p><p>Paytrail Oyj, y-tunnus: 2122839-7<br \/>Innova 2<br \/>Lutakonaukio 7<br \/>40100 Jyv\u00e4skyl\u00e4<br \/>Puhelin: 0207 181830<br \/>www.paytrail.com<\/p><p><strong>Flexibel betalning med faktura eller delbetalning<\/strong><\/p><p>Jousto \u00e4r det smidigaste betalningss\u00e4ttet f\u00f6r webbutiker och g\u00f6r det m\u00f6jligt att betala med Jousto Faktura eller Jousto Delbetalning i \u00f6ver 4 000 finska webbutiker. Med Jousto Faktura har du 14 dagars betalningstid (fakturaavgift 4,90 \u20ac), och med Jousto Delbetalning kan du v\u00e4lja en maximal betalningstid p\u00e5 12 m\u00e5nader (fakturaavgift 4,90 \u20ac och en m\u00e5nadsr\u00e4nta p\u00e5 2,42 %). F\u00f6r mer information, bes\u00f6k www.jousto.com\n.<br \/>Du kan f\u00e5 Joustoraha f\u00f6r k\u00f6p upp till 1 000 \u20ac i webbutiker. Joustoraha kundtj\u00e4nst \u00e4r tillg\u00e4nglig m\u00e5ndag till s\u00f6ndag fr\u00e5n kl. 07.00 till 23.00 via telefon: 0800 186 186 eller e-post: asiakaspalvelu@joustoraha.fi\n.<\/p><p><strong>Produktkontroll och eventuella fel<\/strong><\/p><p>Om produkten har ett fabrikationsfel, v\u00e4nligen kontakta oss omedelbart p\u00e5: info@evabaits.fi<\/p><p><strong>Returer<\/strong><\/p><p>Du kan avbryta din best\u00e4llning och returnera produkterna inom 14 dagar fr\u00e5n k\u00f6pet. Kunden ansvarar f\u00f6r returfraktkostnaderna. Om du vill returnera produkter, v\u00e4nligen kontakta v\u00e5r kundtj\u00e4nst: <a href=\"mailto:info@evabaits.fi.fi\">info@evabaits.fi<\/a><\/p><p>Ett bindande f\u00f6rs\u00e4ljningsavtal ing\u00e5s n\u00e4r best\u00e4llningen har behandlats. Orderbekr\u00e4ftelsen skickas till kunden via e-post. Ev\u00e4 Baits f\u00f6rbeh\u00e5ller sig r\u00e4tten att justera priser samt best\u00e4llnings- och leveransvillkor fr\u00e5n fall till fall. Kunden m\u00e5ste dock alltid godk\u00e4nna leveransvillkoren innan en best\u00e4llning g\u00f6rs.<\/p><p>www.evabaits.fi<\/p><p>Elinbackanpolku 1<\/p><p>01740, Vantaa, Suomi<\/p><p><a href=\"mailto:%20asiakaspalvelu@vesikourut.fi\">info@evabaits.fi<\/a><\/p>\t\t\t\t\t\t\t\t<\/div>\n\t\t\t\t<\/div>\n\t\t\t\t\t<\/div>\n\t\t\t\t<\/div>\n\t\t\t\t<\/div>","protected":false},"excerpt":{"rendered":"<p>Toimitus- ja maksuehdot Toimitusaika Tuotteet toimitetaan aina mahdollisimman nopeasti tilausvahvistuksen saapumisesta. Toimitusaika on riippuvainen valitsemastanne kuljetusyhti\u00f6st\u00e4.\u00a0 Tuotteiden tavallinen toimitusaika suomeen on 2-5 arkip\u00e4iv\u00e4\u00e4. Tuotteiden toimitusaika suomen ulkopuolelle on 4-8 arkip\u00e4iv\u00e4\u00e4.\u00a0 Emme vastaa kuljetusyhti\u00f6ist\u00e4 johtuvista viiv\u00e4stymisist\u00e4 tai viiv\u00e4stysten aiheuttamista v\u00e4lillisist\u00e4 haitoista. Toimitustapa Tuotteet toimitetaan asiakkaan valitsemalla kuljetustavalla Ev\u00e4 Baitsin varastolta. Saat ilmoituksen s\u00e4hk\u00f6postiin, kun tuote on [&hellip;]<\/p>\n","protected":false},"author":1,"featured_media":0,"parent":0,"menu_order":0,"comment_status":"closed","ping_status":"closed","template":"","meta":{"footnotes":""},"class_list":["post-53","page","type-page","status-publish","hentry"],"_links":{"self":[{"href":"https:\/\/evabaits.fi\/se\/wp-json\/wp\/v2\/pages\/53","targetHints":{"allow":["GET"]}}],"collection":[{"href":"https:\/\/evabaits.fi\/se\/wp-json\/wp\/v2\/pages"}],"about":[{"href":"https:\/\/evabaits.fi\/se\/wp-json\/wp\/v2\/types\/page"}],"author":[{"embeddable":true,"href":"https:\/\/evabaits.fi\/se\/wp-json\/wp\/v2\/users\/1"}],"replies":[{"embeddable":true,"href":"https:\/\/evabaits.fi\/se\/wp-json\/wp\/v2\/comments?post=53"}],"version-history":[{"count":20,"href":"https:\/\/evabaits.fi\/se\/wp-json\/wp\/v2\/pages\/53\/revisions"}],"predecessor-version":[{"id":6104,"href":"https:\/\/evabaits.fi\/se\/wp-json\/wp\/v2\/pages\/53\/revisions\/6104"}],"wp:attachment":[{"href":"https:\/\/evabaits.fi\/se\/wp-json\/wp\/v2\/media?parent=53"}],"curies":[{"name":"wp","href":"https:\/\/api.w.org\/{rel}","templated":true}]}}