{"id":2000,"date":"2024-07-17T11:47:51","date_gmt":"2024-07-17T08:47:51","guid":{"rendered":"https:\/\/evabaits.fi\/?post_type=product&#038;p=2000"},"modified":"2026-03-13T17:18:08","modified_gmt":"2026-03-13T15:18:08","slug":"eva-baits-venetarra","status":"publish","type":"product","link":"https:\/\/evabaits.fi\/se\/tuote\/eva-baits-venetarra\/","title":{"rendered":"Ev\u00e4 Baits b\u00e5tdekal"},"content":{"rendered":"","protected":false},"excerpt":{"rendered":"<p>Reng\u00f6r ytan med avfettningsmedel innan du f\u00e4ster den. Dekalen har m\u00e5nga sm\u00e5 kanter som kr\u00e4ver noggrann hantering.<\/p>","protected":false},"featured_media":4062,"template":"","meta":[],"product_brand":[],"product_cat":[21],"product_tag":[70,73,71,72],"class_list":{"0":"post-2000","1":"product","2":"type-product","3":"status-publish","4":"has-post-thumbnail","6":"product_cat-merch","7":"product_tag-eva-baits","8":"product_tag-tarra","9":"product_tag-venetarra","10":"product_tag-venetarrat","12":"first","13":"instock","14":"taxable","15":"shipping-taxable","16":"purchasable","17":"product-type-variable","18":"wvs-archive-product-wrapper"},"_links":{"self":[{"href":"https:\/\/evabaits.fi\/se\/wp-json\/wp\/v2\/product\/2000","targetHints":{"allow":["GET"]}}],"collection":[{"href":"https:\/\/evabaits.fi\/se\/wp-json\/wp\/v2\/product"}],"about":[{"href":"https:\/\/evabaits.fi\/se\/wp-json\/wp\/v2\/types\/product"}],"version-history":[{"count":3,"href":"https:\/\/evabaits.fi\/se\/wp-json\/wp\/v2\/product\/2000\/revisions"}],"predecessor-version":[{"id":2448,"href":"https:\/\/evabaits.fi\/se\/wp-json\/wp\/v2\/product\/2000\/revisions\/2448"}],"wp:featuredmedia":[{"embeddable":true,"href":"https:\/\/evabaits.fi\/se\/wp-json\/wp\/v2\/media\/4062"}],"wp:attachment":[{"href":"https:\/\/evabaits.fi\/se\/wp-json\/wp\/v2\/media?parent=2000"}],"wp:term":[{"taxonomy":"product_brand","embeddable":true,"href":"https:\/\/evabaits.fi\/se\/wp-json\/wp\/v2\/product_brand?post=2000"},{"taxonomy":"product_cat","embeddable":true,"href":"https:\/\/evabaits.fi\/se\/wp-json\/wp\/v2\/product_cat?post=2000"},{"taxonomy":"product_tag","embeddable":true,"href":"https:\/\/evabaits.fi\/se\/wp-json\/wp\/v2\/product_tag?post=2000"}],"curies":[{"name":"wp","href":"https:\/\/api.w.org\/{rel}","templated":true}]}}