{"id":352,"date":"2024-06-06T14:16:14","date_gmt":"2024-06-06T11:16:14","guid":{"rendered":"https:\/\/evabaits.fi\/?post_type=product&#038;p=352"},"modified":"2026-04-23T21:13:40","modified_gmt":"2026-04-23T18:13:40","slug":"real-tail-8cm","status":"publish","type":"product","link":"https:\/\/evabaits.fi\/se\/tuote\/real-tail-8cm\/","title":{"rendered":"Real-tail 8cm"},"content":{"rendered":"<p>Real Tail 8cm on pehme\u00e4st\u00e4 materiaalista valmistettu kuolleen uinnin jigi. Malli on suunniteltu ahvenen pilkint\u00e4\u00e4n sek\u00e4 heittokalastukseen. Pilkkik\u00e4yt\u00f6ss\u00e4 Real Tail on toimittanut useita isoja ahvenia ja 50cm on rikottu useasti. Pilkkiliigan voitto kaloja on saatu kahtena vuotena per\u00e4kk\u00e4in Real Taileilla. Malli on 3D mallennettu aidosta kuoreesta.<\/p>\n<p>Tuotteet ovat hinnoiteltu 1kpl\/2.9e<\/p>","protected":false},"excerpt":{"rendered":"<p>Real Tail 8cm on pehme\u00e4st\u00e4 materiaalista valmistettu kuolleen uinnin jigi. Malli on suunniteltu ahvenen pilkint\u00e4\u00e4n sek\u00e4 heittokalastukseen. Pilkkik\u00e4yt\u00f6ss\u00e4 Real Tail on toimittanut useita isoja ahvenia ja 50cm on rikottu useasti. Pilkkiliigan voitto kaloja on saatu kahtena vuotena per\u00e4kk\u00e4in Real Taileilla. Malli on 3D mallennettu aidosta kuoreesta. Tuotteet ovat hinnoiteltu 1kpl\/2.9e<\/p>","protected":false},"featured_media":6304,"template":"","meta":[],"product_brand":[],"product_cat":[19],"product_tag":[],"class_list":{"0":"post-352","1":"product","2":"type-product","3":"status-publish","4":"has-post-thumbnail","6":"product_cat-ahven","8":"first","9":"instock","10":"taxable","11":"shipping-taxable","12":"purchasable","13":"product-type-variable","14":"wvs-archive-product-wrapper"},"_links":{"self":[{"href":"https:\/\/evabaits.fi\/se\/wp-json\/wp\/v2\/product\/352","targetHints":{"allow":["GET"]}}],"collection":[{"href":"https:\/\/evabaits.fi\/se\/wp-json\/wp\/v2\/product"}],"about":[{"href":"https:\/\/evabaits.fi\/se\/wp-json\/wp\/v2\/types\/product"}],"version-history":[{"count":15,"href":"https:\/\/evabaits.fi\/se\/wp-json\/wp\/v2\/product\/352\/revisions"}],"predecessor-version":[{"id":6906,"href":"https:\/\/evabaits.fi\/se\/wp-json\/wp\/v2\/product\/352\/revisions\/6906"}],"wp:featuredmedia":[{"embeddable":true,"href":"https:\/\/evabaits.fi\/se\/wp-json\/wp\/v2\/media\/6304"}],"wp:attachment":[{"href":"https:\/\/evabaits.fi\/se\/wp-json\/wp\/v2\/media?parent=352"}],"wp:term":[{"taxonomy":"product_brand","embeddable":true,"href":"https:\/\/evabaits.fi\/se\/wp-json\/wp\/v2\/product_brand?post=352"},{"taxonomy":"product_cat","embeddable":true,"href":"https:\/\/evabaits.fi\/se\/wp-json\/wp\/v2\/product_cat?post=352"},{"taxonomy":"product_tag","embeddable":true,"href":"https:\/\/evabaits.fi\/se\/wp-json\/wp\/v2\/product_tag?post=352"}],"curies":[{"name":"wp","href":"https:\/\/api.w.org\/{rel}","templated":true}]}}