{"id":3550,"date":"2024-12-09T23:25:31","date_gmt":"2024-12-09T21:25:31","guid":{"rendered":"https:\/\/evabaits.fi\/?post_type=product&#038;p=3550"},"modified":"2026-04-23T21:13:39","modified_gmt":"2026-04-23T18:13:39","slug":"bleak-spike-tail-8cm","status":"publish","type":"product","link":"https:\/\/evabaits.fi\/se\/tuote\/bleak-spike-tail-8cm\/","title":{"rendered":"Bleak Spike Tail 8cm"},"content":{"rendered":"<p data-start=\"92\" data-end=\"117\"><strong data-start=\"92\" data-end=\"117\">Bleak Spike Tail 8 cm<\/strong><\/p>\n<p data-start=\"119\" data-end=\"274\">Bleak Spike Tail 8 cm on pehme\u00e4st\u00e4 materiaalista valmistettu aitoa salakkaa imitoiva jigi. Malli on suunniteltu ahvenen pilkint\u00e4\u00e4n sek\u00e4 heittokalastukseen.<\/p>\n<p data-start=\"276\" data-end=\"477\">Pilkkik\u00e4yt\u00f6ss\u00e4 Spike Tail on toimittanut useita isoja ahvenia ja 50 cm on rikottu useasti. 2024 pilkkiliigan voittokalat tulivat moni 8 cm Spike Taililla. My\u00f6s avovesill\u00e4 50 cm raja on rikottu.<\/p>\n<p data-start=\"609\" data-end=\"701\"><strong data-start=\"609\" data-end=\"620\">Pituus:<\/strong> 8 cm<br data-start=\"625\" data-end=\"628\" \/><strong data-start=\"628\" data-end=\"638\">Paino:<\/strong> 3 g<br data-start=\"642\" data-end=\"645\" \/><strong data-start=\"645\" data-end=\"665\">Suositus koukku:<\/strong> 1 tai 1\/0<br data-start=\"675\" data-end=\"678\" \/><strong data-start=\"678\" data-end=\"693\">Hinta 2.9e:<\/strong> 1 kpl<\/p>\n<p data-start=\"467\" data-end=\"507\">","protected":false},"excerpt":{"rendered":"<p>Bleak Spike Tail 8 cm Bleak Spike Tail 8 cm on pehme\u00e4st\u00e4 materiaalista valmistettu aitoa salakkaa imitoiva jigi. Malli on suunniteltu ahvenen pilkint\u00e4\u00e4n sek\u00e4 heittokalastukseen. Pilkkik\u00e4yt\u00f6ss\u00e4 Spike Tail on toimittanut useita isoja ahvenia ja 50 cm on rikottu useasti. 2024 pilkkiliigan voittokalat tulivat moni 8 cm Spike Taililla. My\u00f6s avovesill\u00e4 50 cm raja on rikottu. [&hellip;]<\/p>\n","protected":false},"featured_media":6500,"template":"","meta":[],"product_brand":[],"product_cat":[19],"product_tag":[],"class_list":{"0":"post-3550","1":"product","2":"type-product","3":"status-publish","4":"has-post-thumbnail","6":"product_cat-ahven","8":"first","9":"instock","10":"taxable","11":"shipping-taxable","12":"purchasable","13":"product-type-variable","14":"wvs-archive-product-wrapper"},"_links":{"self":[{"href":"https:\/\/evabaits.fi\/se\/wp-json\/wp\/v2\/product\/3550","targetHints":{"allow":["GET"]}}],"collection":[{"href":"https:\/\/evabaits.fi\/se\/wp-json\/wp\/v2\/product"}],"about":[{"href":"https:\/\/evabaits.fi\/se\/wp-json\/wp\/v2\/types\/product"}],"version-history":[{"count":7,"href":"https:\/\/evabaits.fi\/se\/wp-json\/wp\/v2\/product\/3550\/revisions"}],"predecessor-version":[{"id":7414,"href":"https:\/\/evabaits.fi\/se\/wp-json\/wp\/v2\/product\/3550\/revisions\/7414"}],"wp:featuredmedia":[{"embeddable":true,"href":"https:\/\/evabaits.fi\/se\/wp-json\/wp\/v2\/media\/6500"}],"wp:attachment":[{"href":"https:\/\/evabaits.fi\/se\/wp-json\/wp\/v2\/media?parent=3550"}],"wp:term":[{"taxonomy":"product_brand","embeddable":true,"href":"https:\/\/evabaits.fi\/se\/wp-json\/wp\/v2\/product_brand?post=3550"},{"taxonomy":"product_cat","embeddable":true,"href":"https:\/\/evabaits.fi\/se\/wp-json\/wp\/v2\/product_cat?post=3550"},{"taxonomy":"product_tag","embeddable":true,"href":"https:\/\/evabaits.fi\/se\/wp-json\/wp\/v2\/product_tag?post=3550"}],"curies":[{"name":"wp","href":"https:\/\/api.w.org\/{rel}","templated":true}]}}