{"id":4404,"date":"2025-01-16T23:55:12","date_gmt":"2025-01-16T21:55:12","guid":{"rendered":"https:\/\/evabaits.fi\/?post_type=product&#038;p=4404"},"modified":"2026-04-23T21:30:32","modified_gmt":"2026-04-23T18:30:32","slug":"bleak-spike-tail-15cm","status":"publish","type":"product","link":"https:\/\/evabaits.fi\/se\/tuote\/bleak-spike-tail-15cm\/","title":{"rendered":"Bleak Spike Tail 15cm"},"content":{"rendered":"<p data-start=\"198\" data-end=\"224\"><strong data-start=\"198\" data-end=\"224\">Bleak Spike Tail 15 cm<\/strong><\/p>\n<p data-start=\"226\" data-end=\"411\">Bleak Spike Tail on salakasta 3D-mallinnettu viehe, joka j\u00e4ljittelee kuhan luonnollista ravintoa. Kapea profiili tekee siit\u00e4 toimivan erityisesti tilanteissa, joissa kuha on varovainen.<\/p>\n<p data-start=\"413\" data-end=\"585\">Toimii erinomaisesti sek\u00e4 heittokalastuksessa ett\u00e4 vertikaalijigauksessa.<\/p>\n<p data-start=\"730\" data-end=\"830\"><strong data-start=\"730\" data-end=\"741\">Pituus:<\/strong> 15 cm<br data-start=\"747\" data-end=\"750\" \/><strong data-start=\"750\" data-end=\"760\">Paino:<\/strong> 12 g<br data-start=\"765\" data-end=\"768\" \/><strong data-start=\"768\" data-end=\"788\">Suositus koukku:<\/strong> 5\/0 single hook<br data-start=\"804\" data-end=\"807\" \/><strong data-start=\"807\" data-end=\"822\">Hinta 4.2e:<\/strong> 1 kpl<\/p>","protected":false},"excerpt":{"rendered":"<p>Bleak Spike Tail 15 cm Bleak Spike Tail on salakasta 3D-mallinnettu viehe, joka j\u00e4ljittelee kuhan luonnollista ravintoa. Kapea profiili tekee siit\u00e4 toimivan erityisesti tilanteissa, joissa kuha on varovainen. Toimii erinomaisesti sek\u00e4 heittokalastuksessa ett\u00e4 vertikaalijigauksessa. Pituus: 15 cmPaino: 12 gSuositus koukku: 5\/0 single hookHinta 4.2e: 1 kpl<\/p>","protected":false},"featured_media":7272,"template":"","meta":[],"product_brand":[],"product_cat":[18],"product_tag":[],"class_list":{"0":"post-4404","1":"product","2":"type-product","3":"status-publish","4":"has-post-thumbnail","6":"product_cat-kuha","8":"first","9":"instock","10":"taxable","11":"shipping-taxable","12":"purchasable","13":"product-type-variable","14":"wvs-archive-product-wrapper"},"_links":{"self":[{"href":"https:\/\/evabaits.fi\/se\/wp-json\/wp\/v2\/product\/4404","targetHints":{"allow":["GET"]}}],"collection":[{"href":"https:\/\/evabaits.fi\/se\/wp-json\/wp\/v2\/product"}],"about":[{"href":"https:\/\/evabaits.fi\/se\/wp-json\/wp\/v2\/types\/product"}],"version-history":[{"count":3,"href":"https:\/\/evabaits.fi\/se\/wp-json\/wp\/v2\/product\/4404\/revisions"}],"predecessor-version":[{"id":7413,"href":"https:\/\/evabaits.fi\/se\/wp-json\/wp\/v2\/product\/4404\/revisions\/7413"}],"wp:featuredmedia":[{"embeddable":true,"href":"https:\/\/evabaits.fi\/se\/wp-json\/wp\/v2\/media\/7272"}],"wp:attachment":[{"href":"https:\/\/evabaits.fi\/se\/wp-json\/wp\/v2\/media?parent=4404"}],"wp:term":[{"taxonomy":"product_brand","embeddable":true,"href":"https:\/\/evabaits.fi\/se\/wp-json\/wp\/v2\/product_brand?post=4404"},{"taxonomy":"product_cat","embeddable":true,"href":"https:\/\/evabaits.fi\/se\/wp-json\/wp\/v2\/product_cat?post=4404"},{"taxonomy":"product_tag","embeddable":true,"href":"https:\/\/evabaits.fi\/se\/wp-json\/wp\/v2\/product_tag?post=4404"}],"curies":[{"name":"wp","href":"https:\/\/api.w.org\/{rel}","templated":true}]}}