{"id":4853,"date":"2025-06-02T23:04:30","date_gmt":"2025-06-02T20:04:30","guid":{"rendered":"https:\/\/evabaits.fi\/?post_type=product&#038;p=4853"},"modified":"2026-04-23T20:46:03","modified_gmt":"2026-04-23T17:46:03","slug":"bleak-paddle-tail-15cm","status":"publish","type":"product","link":"https:\/\/evabaits.fi\/se\/tuote\/bleak-paddle-tail-15cm\/","title":{"rendered":"Bleak Paddle Tail 15cm"},"content":{"rendered":"<p data-start=\"66\" data-end=\"93\"><strong data-start=\"66\" data-end=\"93\">Bleak Paddle Tail 15 cm<\/strong><\/p>\n<p data-start=\"95\" data-end=\"330\">Bleak Paddle Tail 15 cm on salakasta 3D-mallinnettu jigi. Malli on suunniteltu kuhan t\u00e4sm\u00e4kalastukseen ja heittokalastukseen. Pehme\u00e4 materiaali, herkk\u00e4 uinti ja muotoilu, jossa viehe v\u00e4\u00e4ntyy helposti kalansuuhun, parantavat tartutusta.<\/p>\n<p data-start=\"332\" data-end=\"393\"><strong data-start=\"332\" data-end=\"343\">Pituus:<\/strong> 15 cm<br data-start=\"349\" data-end=\"352\" \/><strong data-start=\"352\" data-end=\"362\">Paino:<\/strong> 14 g<br data-start=\"367\" data-end=\"370\" \/><strong data-start=\"370\" data-end=\"385\">Hinta 4.2e:<\/strong> 1 kpl<\/p>","protected":false},"excerpt":{"rendered":"<p>Bleak Paddle Tail 15 cm Bleak Paddle Tail 15 cm on salakasta 3D-mallinnettu jigi. Malli on suunniteltu kuhan t\u00e4sm\u00e4kalastukseen ja heittokalastukseen. Pehme\u00e4 materiaali, herkk\u00e4 uinti ja muotoilu, jossa viehe v\u00e4\u00e4ntyy helposti kalansuuhun, parantavat tartutusta. Pituus: 15 cmPaino: 14 gHinta 4.2e: 1 kpl<\/p>","protected":false},"featured_media":5862,"template":"","meta":[],"product_brand":[],"product_cat":[18],"product_tag":[],"class_list":{"0":"post-4853","1":"product","2":"type-product","3":"status-publish","4":"has-post-thumbnail","6":"product_cat-kuha","8":"first","9":"instock","10":"taxable","11":"shipping-taxable","12":"purchasable","13":"product-type-variable","14":"wvs-archive-product-wrapper"},"_links":{"self":[{"href":"https:\/\/evabaits.fi\/se\/wp-json\/wp\/v2\/product\/4853","targetHints":{"allow":["GET"]}}],"collection":[{"href":"https:\/\/evabaits.fi\/se\/wp-json\/wp\/v2\/product"}],"about":[{"href":"https:\/\/evabaits.fi\/se\/wp-json\/wp\/v2\/types\/product"}],"version-history":[{"count":2,"href":"https:\/\/evabaits.fi\/se\/wp-json\/wp\/v2\/product\/4853\/revisions"}],"predecessor-version":[{"id":7419,"href":"https:\/\/evabaits.fi\/se\/wp-json\/wp\/v2\/product\/4853\/revisions\/7419"}],"wp:featuredmedia":[{"embeddable":true,"href":"https:\/\/evabaits.fi\/se\/wp-json\/wp\/v2\/media\/5862"}],"wp:attachment":[{"href":"https:\/\/evabaits.fi\/se\/wp-json\/wp\/v2\/media?parent=4853"}],"wp:term":[{"taxonomy":"product_brand","embeddable":true,"href":"https:\/\/evabaits.fi\/se\/wp-json\/wp\/v2\/product_brand?post=4853"},{"taxonomy":"product_cat","embeddable":true,"href":"https:\/\/evabaits.fi\/se\/wp-json\/wp\/v2\/product_cat?post=4853"},{"taxonomy":"product_tag","embeddable":true,"href":"https:\/\/evabaits.fi\/se\/wp-json\/wp\/v2\/product_tag?post=4853"}],"curies":[{"name":"wp","href":"https:\/\/api.w.org\/{rel}","templated":true}]}}