{"id":4896,"date":"2025-06-03T00:02:46","date_gmt":"2025-06-02T21:02:46","guid":{"rendered":"https:\/\/evabaits.fi\/?post_type=product&#038;p=4896"},"modified":"2026-04-23T20:14:11","modified_gmt":"2026-04-23T17:14:11","slug":"smelt-v-tail-20cm","status":"publish","type":"product","link":"https:\/\/evabaits.fi\/se\/tuote\/smelt-v-tail-20cm\/","title":{"rendered":"Smelt V-Tail 20cm"},"content":{"rendered":"<p data-start=\"71\" data-end=\"119\"><strong data-start=\"71\" data-end=\"119\">Smelt V-Tail 20 cm \u2013 Tehokas valinta kuhalle<\/strong><\/p>\n<p data-start=\"121\" data-end=\"350\">Smelt V-Tail on kuoresta mallinnettu viehe, joka on suunniteltu erityisesti kuhan kalastukseen. Sen profiili ja liike j\u00e4ljittelev\u00e4t luonnollista saaliskalaa, mik\u00e4 tekee siit\u00e4 erinomaisen valinnan erityisesti vertikaalijigaukseen.<\/p>\n<p data-start=\"352\" data-end=\"434\">Vieheen V-pyrst\u00f6 tuottaa herkk\u00e4\u00e4 ja houkuttelevaa liikett\u00e4 pienell\u00e4kin liikkeell\u00e4.<\/p>\n<ul data-start=\"436\" data-end=\"565\">\n<li data-section-id=\"zcuhny\" data-start=\"436\" data-end=\"468\">Luonnollinen kuorej\u00e4ljitelm\u00e4<\/li>\n<li data-section-id=\"q2n6g5\" data-start=\"469\" data-end=\"494\">Herkk\u00e4 ja el\u00e4v\u00e4 liike<\/li>\n<li data-section-id=\"17apor\" data-start=\"495\" data-end=\"541\">Toimii erinomaisesti vertikaalijigauksessa<\/li>\n<li data-section-id=\"19k4rdo\" data-start=\"542\" data-end=\"565\">Suunniteltu kuhalle<\/li>\n<\/ul>\n<p data-start=\"567\" data-end=\"628\"><strong data-start=\"567\" data-end=\"578\">Pituus:<\/strong> 20 cm<br data-start=\"584\" data-end=\"587\" \/><strong data-start=\"587\" data-end=\"597\">Paino:<\/strong> 28 g<br data-start=\"602\" data-end=\"605\" \/><strong data-start=\"605\" data-end=\"620\">Hinta 9.9e:<\/strong> 1 kpl<\/p>","protected":false},"excerpt":{"rendered":"<p>Smelt V-Tail 20 cm \u2013 Tehokas valinta kuhalle Smelt V-Tail on kuoresta mallinnettu viehe, joka on suunniteltu erityisesti kuhan kalastukseen. Sen profiili ja liike j\u00e4ljittelev\u00e4t luonnollista saaliskalaa, mik\u00e4 tekee siit\u00e4 erinomaisen valinnan erityisesti vertikaalijigaukseen. Vieheen V-pyrst\u00f6 tuottaa herkk\u00e4\u00e4 ja houkuttelevaa liikett\u00e4 pienell\u00e4kin liikkeell\u00e4. Luonnollinen kuorej\u00e4ljitelm\u00e4 Herkk\u00e4 ja el\u00e4v\u00e4 liike Toimii erinomaisesti vertikaalijigauksessa Suunniteltu kuhalle Pituus: [&hellip;]<\/p>\n","protected":false},"featured_media":7273,"template":"","meta":[],"product_brand":[],"product_cat":[20,18],"product_tag":[],"class_list":{"0":"post-4896","1":"product","2":"type-product","3":"status-publish","4":"has-post-thumbnail","6":"product_cat-hauki","7":"product_cat-kuha","9":"first","10":"instock","11":"taxable","12":"shipping-taxable","13":"purchasable","14":"product-type-variable","15":"wvs-archive-product-wrapper"},"_links":{"self":[{"href":"https:\/\/evabaits.fi\/se\/wp-json\/wp\/v2\/product\/4896","targetHints":{"allow":["GET"]}}],"collection":[{"href":"https:\/\/evabaits.fi\/se\/wp-json\/wp\/v2\/product"}],"about":[{"href":"https:\/\/evabaits.fi\/se\/wp-json\/wp\/v2\/types\/product"}],"version-history":[{"count":3,"href":"https:\/\/evabaits.fi\/se\/wp-json\/wp\/v2\/product\/4896\/revisions"}],"predecessor-version":[{"id":7411,"href":"https:\/\/evabaits.fi\/se\/wp-json\/wp\/v2\/product\/4896\/revisions\/7411"}],"wp:featuredmedia":[{"embeddable":true,"href":"https:\/\/evabaits.fi\/se\/wp-json\/wp\/v2\/media\/7273"}],"wp:attachment":[{"href":"https:\/\/evabaits.fi\/se\/wp-json\/wp\/v2\/media?parent=4896"}],"wp:term":[{"taxonomy":"product_brand","embeddable":true,"href":"https:\/\/evabaits.fi\/se\/wp-json\/wp\/v2\/product_brand?post=4896"},{"taxonomy":"product_cat","embeddable":true,"href":"https:\/\/evabaits.fi\/se\/wp-json\/wp\/v2\/product_cat?post=4896"},{"taxonomy":"product_tag","embeddable":true,"href":"https:\/\/evabaits.fi\/se\/wp-json\/wp\/v2\/product_tag?post=4896"}],"curies":[{"name":"wp","href":"https:\/\/api.w.org\/{rel}","templated":true}]}}