{"id":49,"date":"2024-06-04T09:28:09","date_gmt":"2024-06-04T09:28:09","guid":{"rendered":"https:\/\/evabaits.fi\/?page_id=49"},"modified":"2025-09-12T00:37:23","modified_gmt":"2025-09-11T21:37:23","slug":"tietosuojaseloste","status":"publish","type":"page","link":"https:\/\/evabaits.fi\/si\/tietosuojaseloste\/","title":{"rendered":"Politika zasebnosti"},"content":{"rendered":"<div data-elementor-type=\"wp-page\" data-elementor-id=\"49\" class=\"elementor elementor-49\" data-elementor-post-type=\"page\">\n\t\t\t\t<div data-particle_enable=\"false\" data-particle-mobile-disabled=\"false\" class=\"elementor-element elementor-element-2551f67 e-flex e-con-boxed e-con e-parent\" data-id=\"2551f67\" data-element_type=\"container\" data-e-type=\"container\">\n\t\t\t\t\t<div class=\"e-con-inner\">\n\t\t\t\t<div class=\"elementor-element elementor-element-2b812bc elementor-widget elementor-widget-text-editor\" data-id=\"2b812bc\" data-element_type=\"widget\" data-e-type=\"widget\" data-widget_type=\"text-editor.default\">\n\t\t\t\t<div class=\"elementor-widget-container\">\n\t\t\t\t\t\t\t\t\t<h3 id=\"h.p_z32nYImx_SVp\" class=\"wp-block-heading\">Politika zasebnosti \u2013 register strank Evabaits.fi<\/h3><h4 id=\"h.p_dRhCYoIk_SVr\" class=\"wp-block-heading\">1. Upravljavec podatkov<\/h4><p>Upravljavec registra je NVV Group Oy (3505814-9)<\/p><p id=\"h.p_l1zDHS_l_SVv\">Kontaktna oseba: Niilo Lahti<\/p><p id=\"h.p_FE8rRoE4_SVw\">Spletna stran: evabaits.fi\/si<\/p><p id=\"h.p_MEyJ-Nha_SVy\">Naslov: Elinbackanpolku 1, 01740, Vantaa, Finska<\/p><p id=\"h.p_HoXjhJdn_SVz\">Telefon: 045 263 4727<\/p><p id=\"h.p_O21hlUjk_SV1\">E-po\u0161ta: info@evabaits.fi<strong><br \/><\/strong><\/p><h4 id=\"h.p_lpwcblI__SV4\" class=\"wp-block-heading\">2. Ime registra<\/h4><p id=\"h.p_Ho2guxWT_SV5\">Ime registra je register strank evabaits.fi.<\/p><h4 id=\"h.p_WInJCtvw_SV7\" class=\"wp-block-heading\">3. Namen obdelave osebnih podatkov<\/h4><p id=\"h.p_TF-HQN_B_SV8\">Osebni podatki se obdelujejo za namene, povezane z upravljanjem slu\u017ebe za stranke, administracijo, zagotavljanjem storitev, razvojem in obra\u010dunavanjem. Osebni podatki se obdelujejo tudi za izpolnjevanje zakonskih obveznosti ter za preverjanje transakcij strank.<\/p><p id=\"h.p_V8C2Y7H4_SV9\">Poleg tega se osebni podatki uporabljajo za namene neposrednega tr\u017eenja, obve\u0161\u010danja z novicami in druge komunikacije s strankami. V okviru tega se lahko osebni podatki obdelujejo za neposredno tr\u017eenje prek e-po\u0161te ali drugih elektronskih sredstev.<\/p><p id=\"h.p_iym9dpk8_SV-\">Stranke imajo pravico, da se kadarkoli odjavijo od neposrednega tr\u017eenja.<\/p><p id=\"h.p_h2Lyxm58_SV_\">Upravljavec podatkov lahko osebne podatke deli z avtoriziranimi ponudniki storitev tretjih oseb.<\/p><h4 id=\"h.p_wTf65S4a_SWA\" class=\"wp-block-heading\">4. Pravna podlaga za obdelavo<\/h4><p id=\"h.p_Uwkem52n_SWB\">Pravna podlaga za obdelavo osebnih podatkov temelji na Splo\u0161ni uredbi EU o varstvu podatkov (GDPR):<\/p><ol><li>Posameznik, na katerega se nana\u0161ajo osebni podatki, je dal privolitev za enega ali ve\u010d dolo\u010denih namenov (GDPR \u010dlen 6(1)(a)).<\/li><li>Obdelava je potrebna za izpolnitev pogodbe (GDPR \u010dlen 6(1)(b)).<\/li><li>Obdelava je potrebna za izpolnitev pravnih obveznosti (GDPR \u010dlen 6(1)(c)).<\/li><\/ol><p id=\"h.p_FDBPzU5-_SWU\">Zgoraj navedeni zakoniti interes upravljavca podatkov temelji na ustreznem in primernem razmerju med posameznikom, na katerega se nana\u0161ajo osebni podatki, in upravljavcem podatkov, ki izhaja iz dejstva, da je posameznik stranka upravljavca podatkov, ter kadar se obdelava izvaja za namene, ki jih je posameznik lahko razumno pri\u010dakoval ob zbiranju osebnih podatkov in v okviru navedenega razmerja.<\/p><h4 id=\"h.p_0kSAMNRG_SWW\" class=\"wp-block-heading\">5. Vsebina registra (kategorije obdelovanih osebnih podatkov)<\/h4><p id=\"h.p_KdQ0O0-B_SWX\">Register vsebuje naslednje osebne podatke, na\u010deloma o vseh registriranih posameznikih:<\/p><ol><li>Osnovni osebni podatki in kontaktni podatki: ime, priimek, naslov, telefonska \u0161tevilka in e-po\u0161tni naslov.<\/li><li>Podatki, povezani s podjetjem ali drugo organizacijo posameznika, ter polo\u017eaj ali naziv posameznika v navedenem podjetju ali organizaciji;<\/li><li>Posameznikova dovoljenja in prepovedi za neposredno tr\u017eenje.<\/li><\/ol><h4 id=\"h.p_Zp_ELLFZ_SWc\" class=\"wp-block-heading\">6. Obi\u010dajni viri podatkov<\/h4><p id=\"h.p_PMUyHoU7_SWe\">Osebni podatki se zbirajo neposredno od posameznika, na katerega se nana\u0161ajo.<\/p><p id=\"h.p_G4t9jz1X_SWe\">Osebni podatki se prav tako zbirajo in posodabljajo, v okviru veljavne zakonodaje, iz javno dostopnih virov, povezanih z izvajanjem razmerja med upravljavcem podatkov in posameznikom, ter ki omogo\u010dajo upravljavcu izpolnjevanje obveznosti, povezanih z vzdr\u017eevanjem odnosov s strankami.<\/p><h4 id=\"h.p_q-OucKLd_SWf\" class=\"wp-block-heading\">7. Obdobje hrambe osebnih podatkov<\/h4><p id=\"h.p_taFJ5L92_SWl\">Podatki, zbrani v registru, se hranijo le toliko \u010dasa in v tak\u0161nem obsegu, kot je potrebno glede na prvotne ali zdru\u017eljive namene, za katere so bili osebni podatki zbrani.<\/p><p id=\"h.p_aJ4c50Mg_SWn\">Potreba po hrambi osebnih podatkov se ocenjuje vsakih pet let, v vsakem primeru pa se podatki, ki se nana\u0161ajo na posameznika, izbri\u0161ejo iz registra po prenehanju razmerja med stranko in upravljavcem podatkov ter ko so vse obveznosti in ukrepi, povezani s tem razmerjem, izpolnjeni. Na primer, ra\u010dunovodske listine se hranijo pet let po koncu poslovnega leta.\n\n\ud83d\udc49 \u017deli\u0161, da zdaj nadaljujeva z razdelkom 8. Processing of Personal Data \/ Obdelava osebnih podatkov?<\/p><p id=\"h.p_1xufhJAU_SWn\">Upravljavec podatkov redno ocenjuje potrebo po hrambi podatkov v skladu s svojimi notranjimi kodeksi ravnanja. Poleg tega sprejema vse razumne ukrepe, da zagotovi, da se neto\u010dni, napa\u010dni ali zastareli osebni podatki glede na namene obdelave brez odla\u0161anja izbri\u0161ejo ali popravijo.<\/p><h4 id=\"h.p_ORhoRJpH_SWo\" class=\"wp-block-heading\">8. Prejemniki osebnih podatkov (kategorije prejemnikov) ter redna razkritja podatkov<\/h4><p id=\"h.p_cdJRNa35_SWp\">Osebni podatki se ne bodo razkrivali zunanjim osebam.<\/p><h4 id=\"h.p_4Mk1q0Du_SWr\" class=\"wp-block-heading\">9. Prenos podatkov zunaj EU ali EGP<\/h4><p id=\"h.p_PAkw5iyh_SWs\">Osebni podatki, vsebovani v registru, se ne prena\u0161ajo zunaj EU ali EGP.<\/p><h4 id=\"h.p_oNiUMEiP_SWt\" class=\"wp-block-heading\">10. Na\u010dela varstva podatkovnega registra<\/h4><p id=\"h.p_Re_OYGzk_SWu\">Gradivo, ki vsebuje osebne podatke, se hrani v zaklenjenih prostorih, do katerih imajo dostop samo dolo\u010dene osebe, ki so zaradi svojih nalog poobla\u0161\u010dene za dostop.<\/p><p id=\"h.p_d1J-mDBP_SWv\">Podatkovna baza, ki vsebuje osebne podatke, se nahaja na stre\u017eniku, ki je shranjen v zaklenjenem prostoru, do katerega imajo dostop samo dolo\u010dene osebe, ki so zaradi svojih nalog poobla\u0161\u010dene za dostop. Stre\u017enik je za\u0161\u010diten z ustreznim po\u017earnim zidom in tehni\u010dnimi varnostnimi ukrepi.<\/p><p id=\"h.p_gu2VK9xi_SWw\">Dostop do podatkovnih baz in sistemov je omogo\u010den samo z individualno dodeljenimi osebnimi uporabni\u0161kimi imeni in gesli. Upravljavec podatkov je omejil dostopne pravice in pooblastila do informacijskih sistemov in drugih shranjevalnih platform tako, da lahko podatke pregledujejo in obdelujejo samo osebe, ki jih potrebujejo za zakonito obdelavo. Poleg tega se vsi dogodki uporabe podatkovnih baz in sistemov bele\u017eijo v dnevnikih IT-sistema upravljavca podatkov.<\/p><p id=\"h.p_MBRKrMgU_SW1\">Zaposleni pri upravljavcu podatkov in druge osebe so zavezani k spo\u0161tovanju zaupnosti in k varovanju vseh informacij, ki jih prejmejo v povezavi z obdelavo osebnih podatkov.<\/p><h4 id=\"h.p_Lr72u_yt_SW2\" class=\"wp-block-heading\">11. Pravice posameznika, na katerega se nana\u0161ajo osebni podatki<\/h4><p id=\"h.p_VTyYar5k_SW4\">Posameznik, na katerega se nana\u0161ajo osebni podatki, ima naslednje pravice v skladu s Splo\u0161no uredbo EU o varstvu podatkov (GDPR):<\/p><ol><li>Pravica, da od upravljavca prejme potrditev, ali se osebni podatki v zvezi z njim obdelujejo ali ne, in kadar se taki osebni podatki obdelujejo, pravica do dostopa do osebnih podatkov ter naslednjih informacij: (i) nameni obdelave; (ii) zadevne kategorije osebnih podatkov; (iii) uporabniki ali kategorije uporabnikov, katerim so bili osebni podatki razkriti ali jim bodo razkriti; (iv) kadar je mogo\u010de, predvideno obdobje hrambe osebnih podatkov ali, \u010de to ni mogo\u010de, merila, uporabljena za dolo\u010ditev tega obdobja; (v) pravica posameznika zahtevati od upravljavca popravek ali izbris osebnih podatkov, ki se nana\u0161ajo nanj, ali omejitev obdelave, oziroma ugovarjati taki obdelavi; (vi) pravica vlo\u017eiti prito\u017ebo pri nadzornem organu; (vii) kadar osebni podatki niso zbrani od posameznika, vse razpolo\u017eljive informacije o njihovem viru (GDPR \u010dlen 15). Te osnovne informacije (i)\u2013(vii) se posamezniku posredujejo s tem obrazcem.<\/li><li>Pravica do preklica privolitve kadarkoli, brez poseganja v zakonitost obdelave, ki je temeljila na privolitvi pred njenim preklicem (GDPR \u010dlen 7);<\/li><li>Pravica zahtevati, da upravljavec brez neupravi\u010denega odla\u0161anja popravi neto\u010dne ali napa\u010dne osebne podatke v zvezi s posameznikom, ter pravica pridobiti dopolnitev nepopolnih osebnih podatkov, tudi z zagotovitvijo dodatnih informacij, ob upo\u0161tevanju namenov, za katere so bili podatki obdelani (GDPR \u010dlen 16);<\/li><li>Pravica zahtevati od upravljavca izbris osebnih podatkov v zvezi s posameznikom brez neupravi\u010denega odla\u0161anja, \u010de je izpolnjen eden od naslednjih pogojev: (i) osebni podatki niso ve\u010d potrebni za namene, za katere so bili zbrani ali druga\u010de obdelani; (ii) posameznik prekli\u010de privolitev, na kateri temelji obdelava, in za obdelavo ne obstaja nobena druga pravna podlaga; (iii) posameznik ugovarja obdelavi zaradi razlogov, povezanih z njegovim posebnim polo\u017eajem, in za obdelavo ne obstajajo prevladujo\u010di zakoniti razlogi ali posameznik ugovarja obdelavi za namene neposrednega tr\u017eenja; (iv) osebni podatki so bili obdelani nezakonito; ali (v) osebni podatki morajo biti izbrisani zaradi izpolnitve pravne obveznosti v skladu s pravom Unije ali nacionalnim pravom, ki velja za upravljavca (GDPR \u010dlen 17);<\/li><li>Pravica zahtevati, da upravljavec omeji obdelavo, \u010de: (i) posameznik oporeka to\u010dnosti osebnih podatkov, pri \u010demer se obdelava omeji za obdobje, v katerem lahko upravljavec preveri njihovo to\u010dnost; (ii) je obdelava nezakonita in posameznik nasprotuje izbrisu osebnih podatkov ter namesto tega zahteva omejitev njihove uporabe; (iii) upravljavec osebnih podatkov teh podatkov ne potrebuje ve\u010d za namene obdelave, vendar jih posameznik potrebuje za oblikovanje, uveljavljanje ali obrambo pravnih zahtevkov; ali (iv) posameznik ugovarja obdelavi zaradi razlogov, povezanih z njegovim posebnim polo\u017eajem, dokler se ne preveri, ali prevladajo zakoniti razlogi upravljavca nad razlogi posameznika (GDPR \u010dlen 18);<\/li><li>Pravica pridobiti osebne podatke v zvezi s seboj, ki jih je posameznik posredoval upravljavcu, v strukturirani, splo\u0161no uporabljani in strojno berljivi obliki, ter pravica te podatke prenesti drugemu upravljavcu brez ovir s strani upravljavca, kateremu so bili osebni podatki posredovani, kadar obdelava temelji na privolitvi, kot jo dolo\u010da uredba, in se obdelava izvaja z avtomatiziranimi sredstvi (GDPR \u010dlen 20);<\/li><li>Pravica vlo\u017eiti prito\u017ebo pri nadzornem organu, \u010de posameznik meni, da obdelava osebnih podatkov v zvezi z njim kr\u0161i Splo\u0161no uredbo EU o varstvu podatkov (GDPR \u010dlen 77).<\/li><\/ol><p id=\"h.p_xZsW9AJd_SXB\">Zahteve v zvezi z uveljavljanjem pravic posameznika se naslovijo na kontaktno osebo upravljavca podatkov, navedeno v to\u010dki 1.<\/p><h4 id=\"h.p_bn4xeNEBCPUb\" class=\"wp-block-heading\">12. Spletna analitika<\/h4><p id=\"h.p_O4GUEGVtCRI5\">Naslednje storitve zbirajo anonimizirane informacije o obiskih spletne strani brez osebnih podatkov, \u010de ste sprejeli pi\u0161kotke:<\/p><p id=\"h.p_VtifCHdYCZho\">Google Analytics, Google Tag Manager, Google AdWords in Meta.<\/p><h4 id=\"h.p_bRuYBMxUCany\" class=\"wp-block-heading\">13. Ciljano tr\u017eenje<\/h4><p id=\"h.p_cHI9EiANCjzZ\">Na podlagi va\u0161ega obiska na\u0161e spletne strani lahko izvajamo ciljno ogla\u0161evanje v naslednjih storitvah, \u010de ste sprejeli pi\u0161kotke:<\/p><p>Facebook, Instagram in Google.<\/p><h4 class=\"wp-block-heading\">14 Vra\u010dila<\/h4><p>Imate pravico preklicati naro\u010dilo in vrniti izdelke v 14 dneh po njihovem prejemu. Vrnjeni izdelki morajo biti neodprti, neuporabljeni in v stanju, primernem za ponovno prodajo. Stro\u0161ke vra\u010dila krije stranka. <br \/><br \/>\u010ce \u017eelite vrniti izdelke, se obrnite na na\u0161o slu\u017ebo za pomo\u010d strankam: info@evabaits.fi.<\/p><p id=\"h.p_57SMTpzGClNA\"><br \/><br \/><br \/><\/p>\t\t\t\t\t\t\t\t<\/div>\n\t\t\t\t<\/div>\n\t\t\t\t\t<\/div>\n\t\t\t\t<\/div>\n\t\t\t\t<\/div>","protected":false},"excerpt":{"rendered":"<p>Evabaits.fi asiakasrekisterin tietosuojaseloste 1 Rekisterinpit\u00e4j\u00e4 Rekisterin rekisterinpit\u00e4j\u00e4 on NVV Group Oy (3505814-9) Rekisteriasioiden yhteyshenkil\u00f6 on: Niilo Lahti evabaits.fi Osoite: Elinbackanpolku 1, 01740, Vantaa, Suomi Puhelin: 045 263 4727 S\u00e4hk\u00f6posti: info@evabaits.fi 2 Rekisterin nimi Rekisterin nimi on evabaits.fi asiakasrekisteri. 3 Henkil\u00f6tietojen k\u00e4sittelyn tarkoitus Henkil\u00f6tietoja k\u00e4sitell\u00e4\u00e4n tarkoituksissa, jotka liittyv\u00e4t asiakassuhteen hoitamiseen, hallinnointiin ja kehitt\u00e4miseen, palvelujen tarjoamiseen ja [&hellip;]<\/p>\n","protected":false},"author":1,"featured_media":0,"parent":0,"menu_order":0,"comment_status":"closed","ping_status":"closed","template":"","meta":{"footnotes":""},"class_list":["post-49","page","type-page","status-publish","hentry"],"_links":{"self":[{"href":"https:\/\/evabaits.fi\/si\/wp-json\/wp\/v2\/pages\/49","targetHints":{"allow":["GET"]}}],"collection":[{"href":"https:\/\/evabaits.fi\/si\/wp-json\/wp\/v2\/pages"}],"about":[{"href":"https:\/\/evabaits.fi\/si\/wp-json\/wp\/v2\/types\/page"}],"author":[{"embeddable":true,"href":"https:\/\/evabaits.fi\/si\/wp-json\/wp\/v2\/users\/1"}],"replies":[{"embeddable":true,"href":"https:\/\/evabaits.fi\/si\/wp-json\/wp\/v2\/comments?post=49"}],"version-history":[{"count":20,"href":"https:\/\/evabaits.fi\/si\/wp-json\/wp\/v2\/pages\/49\/revisions"}],"predecessor-version":[{"id":6101,"href":"https:\/\/evabaits.fi\/si\/wp-json\/wp\/v2\/pages\/49\/revisions\/6101"}],"wp:attachment":[{"href":"https:\/\/evabaits.fi\/si\/wp-json\/wp\/v2\/media?parent=49"}],"curies":[{"name":"wp","href":"https:\/\/api.w.org\/{rel}","templated":true}]}}