{"id":53,"date":"2024-06-04T09:52:37","date_gmt":"2024-06-04T09:52:37","guid":{"rendered":"https:\/\/evabaits.fi\/?page_id=53"},"modified":"2025-09-12T00:39:09","modified_gmt":"2025-09-11T21:39:09","slug":"toimitus-ja-maksuehdot","status":"publish","type":"page","link":"https:\/\/evabaits.fi\/si\/toimitus-ja-maksuehdot\/","title":{"rendered":"Dostava in pla\u010dila"},"content":{"rendered":"<div data-elementor-type=\"wp-page\" data-elementor-id=\"53\" class=\"elementor elementor-53\" data-elementor-post-type=\"page\">\n\t\t\t\t<div data-particle_enable=\"false\" data-particle-mobile-disabled=\"false\" class=\"elementor-element elementor-element-2c9553a e-flex e-con-boxed e-con e-parent\" data-id=\"2c9553a\" data-element_type=\"container\" data-e-type=\"container\">\n\t\t\t\t\t<div class=\"e-con-inner\">\n\t\t\t\t<div class=\"elementor-element elementor-element-10ce6be elementor-widget elementor-widget-heading\" data-id=\"10ce6be\" data-element_type=\"widget\" data-e-type=\"widget\" data-widget_type=\"heading.default\">\n\t\t\t\t<div class=\"elementor-widget-container\">\n\t\t\t\t\t<h2 class=\"elementor-heading-title elementor-size-default\">Dostava in pla\u010dila<\/h2>\t\t\t\t<\/div>\n\t\t\t\t<\/div>\n\t\t\t\t<div class=\"elementor-element elementor-element-cf61403 elementor-widget elementor-widget-text-editor\" data-id=\"cf61403\" data-element_type=\"widget\" data-e-type=\"widget\" data-widget_type=\"text-editor.default\">\n\t\t\t\t<div class=\"elementor-widget-container\">\n\t\t\t\t\t\t\t\t\t<p><strong>\u010cas dostave<\/strong><\/p><p>Izdelki so vedno dostavljeni \u010dim hitreje po prejemu potrditve naro\u010dila. \u010cas dostave je odvisen od dostavne slu\u017ebe, ki jo izberete.\u00a0<\/p><p>Obi\u010dajni \u010das dostave znotraj Finske je <strong>2\u20135 delovnih dni.<\/strong>.<\/p><p>Tuotteiden toimitusaika suomen ulkopuolelle on <strong>4\u20138 delovnih dni.<\/strong>.\u00a0<\/p><p>Ne odgovarjamo za zamude, ki jih povzro\u010dijo dostavne slu\u017ebe, niti za morebitne nev\u0161e\u010dnosti, ki izhajajo iz takih zamud.<\/p><p><strong>Na\u010din dostave<\/strong><\/p><p>Izdelki se dostavijo z na\u010dinom dostave, ki ga izbere stranka, iz skladi\u0161\u010da Ev\u00e4 Baits. Po elektronski po\u0161ti boste prejeli obvestilo, ko bo izdelek na voljo za prevzem ali ko bo prispel.<\/p><p>Na\u0161 partner, Shipit Oy Ab, skrbi za koordinacijo po\u0161iljk, pri \u010demer se uporabljajo naslednja dostavna podjetja:<\/p><p>Znotraj Finske: Posti &amp; Matkahuolto<\/p><p>Izven Finske: PostNord &amp; UPS<\/p><p><strong>Pla\u010dilo dostave<\/strong><\/p><p>Stro\u0161ek dostave za spletna naro\u010dila je odvisen od dr\u017eave dostave. Stro\u0161ek dostave va\u0161ega naro\u010dila bo prikazan na blagajni, ko vnesete podatke za dostavo.<\/p><p><strong>Stro\u0161ki dostave<\/strong><\/p><p><strong>Finska:<\/strong><\/p><ul><li>Po\u0161tni paket in Matkahuolto prevzemno mesto v bli\u017eini: 5,90 \u20ac (Brezpla\u010dna dostava za naro\u010dila nad 60 \u20ac).\u00a0<\/li><\/ul><p><strong>\u0160vedska, Estonija, Latvija in Litva:<\/strong><\/p><ul><li>PostNord MyPack Collect: 9,90 \u20ac (Za naro\u010dila nad 30 \u20ac se zara\u010duna dostavna pristojbina 5 \u20ac)<\/li><\/ul><p><strong>Saksa, Alankomaat ja Belgia:<\/strong><\/p><ul><li>PostNord MyPack Collect: 15,90 \u20ac (Za naro\u010dila nad 30 \u20ac se zara\u010duna dostavna pristojbina 5 \u20ac)<\/li><\/ul><p><strong>Italija, \u0160panija, Gr\u010dija in Portugalska:<\/strong><\/p><ul><li>UPS Standard: 18,50 \u20ac (Za naro\u010dila nad 30 \u20ac se zara\u010duna dostavna pristojbina 5 \u20ac)<\/li><\/ul><p><strong>Poljska, Bolgarija, Hrva\u0161ka,<\/strong><strong>Romunija, Slova\u0161ka, Slovenija, \u010ce\u0161ka in Mad\u017earska:<\/strong><\/p><ul><li>UPS Standard: 19,50 \u20ac (Za naro\u010dila nad 30 \u20ac se zara\u010duna dostavna pristojbina 5 \u20ac)<\/li><\/ul><p><strong>Nizozemska in Belgija:<\/strong><\/p><ul><li>PostNord MyPack Collect: 15,90 \u20ac (Za naro\u010dila nad 30 \u20ac se zara\u010duna dostavna pristojbina 5 \u20ac)<\/li><\/ul><p><strong>Danska:<\/strong><\/p><ul><li>PostNord MyPack Collect: 14,90 \u20ac (Za naro\u010dila nad 30 \u20ac se zara\u010duna dostavna pristojbina 5 \u20ac)<\/li><\/ul><p><strong>Avstrija:<\/strong><\/p><ul><li>PostNord MyPack Collect: 18,90 \u20ac (Za naro\u010dila nad 30 \u20ac se zara\u010duna dostavna pristojbina 5 \u20ac)<\/li><\/ul><p><strong>Francija:<\/strong><\/p><ul><li>PostNord MyPack Collect: 21,50 \u20ac (Za naro\u010dila nad 30 \u20ac se zara\u010duna dostavna pristojbina 5 \u20ac)<\/li><\/ul><p><strong>Luksemburg:<\/strong><\/p><ul><li>PostNord MyPack Collect: 16,00 \u20ac (Za naro\u010dila nad 30 \u20ac se zara\u010duna dostavna pristojbina 5 \u20ac)<\/li><\/ul><p>\u010ce imate kakr\u0161na koli vpra\u0161anja glede dostave, se lahko obrnete na na\u0161o podporo za stranke na:\n\ud83d\udce7 info@evabaits.fi<\/p><p><strong>Ponudnik pla\u010dilnih storitev<\/strong><\/p><p><span data-contrast=\"auto\">Ponudnik pla\u010dilnih storitev za mednarodne pla\u010dilne transakcije je Paytrail Oyj (mati\u010dna \u0161tevilka podjetja 2122839-7), v sodelovanju s finskimi bankami in kreditnimi institucijami. Na va\u0161em ban\u010dnem izpisku ali karti\u010dnem ra\u010dunu bo kot prejemnik pla\u010dila prikazan Paytrail Oyj, ki nato posreduje pla\u010dilo trgovcu. V primeru prito\u017eb vas vljudno prosimo, da se najprej obrnete na dobavitelja izdelka.\n\nPonudnik pla\u010dilnih storitev za pla\u010dila z Visa, Visa Electron in MasterCard je Paytrail Oyj (mati\u010dna \u0161tevilka podjetja 2122839-7), v sodelovanju s finskimi bankami in kreditnimi institucijami. Na va\u0161em ban\u010dnem izpisku ali karti\u010dnem ra\u010dunu bo kot prejemnik pla\u010dila prikazan Paytrail Oyj. V primeru prito\u017eb vas vljudno prosimo, da se najprej obrnete na dobavitelja izdelka.<\/span><span data-ccp-props=\"{&quot;134233117&quot;:true,&quot;134233118&quot;:true}\">\u00a0<\/span><\/p><p><span data-contrast=\"auto\">Paytrail Oyj, y-tunnus: 2122839-7<\/span>\u00a0<br \/><span data-contrast=\"auto\">Innova 2<\/span>\u00a0<br \/><span data-contrast=\"auto\">Lutakonaukio 7<\/span>\u00a0<br \/><span data-contrast=\"auto\">40100 Jyv\u00e4skyl\u00e4<\/span>\u00a0<br \/><span data-contrast=\"auto\"><a href=\"https:\/\/www.paytrail.com\/kuluttaja\/tietoa-maksamisesta\">https:\/\/www.paytrail.com\/kuluttaja\/tietoa-maksamisesta<\/a>\u00a0<\/span><span data-ccp-props=\"{&quot;134233117&quot;:true,&quot;134233118&quot;:true}\">\u00a0<\/span><\/p><p><strong>Spletno pla\u010dilo<\/strong><\/p><p>Ponudnik pla\u010dilnih storitev za spletne pla\u010dilne transakcije je Paytrail Oyj (mati\u010dna \u0161tevilka podjetja 2122839-7), v sodelovanju s finskimi bankami in kreditnimi institucijami. Paytrail Oyj prevzame pla\u010dilno transakcijo in jo posreduje trgovcu.<\/p><p><strong>Pla\u010dila z Visa, Visa Electron ali MasterCard<\/strong><\/p><p>Ponudnik pla\u010dilnih storitev za mednarodne pla\u010dilne transakcije je Paytrail Oyj (mati\u010dna \u0161tevilka podjetja 2122839-7), v sodelovanju s finskimi bankami in kreditnimi institucijami. Na va\u0161em ban\u010dnem izpisku ali karti\u010dnem ra\u010dunu bo kot prejemnik pla\u010dila prikazan Paytrail Oyj, ki nato posreduje pla\u010dilo trgovcu. V primeru prito\u017eb vas vljudno prosimo, da se najprej obrnete na dobavitelja izdelka.\n\nPonudnik pla\u010dilnih storitev za pla\u010dila z Visa, Visa Electron in MasterCard je Paytrail Oyj (mati\u010dna \u0161tevilka podjetja 2122839-7), v sodelovanju s finskimi bankami in kreditnimi institucijami. Na va\u0161em ban\u010dnem izpisku ali karti\u010dnem ra\u010dunu bo kot prejemnik pla\u010dila prikazan Paytrail Oyj. V primeru prito\u017eb vas vljudno prosimo, da se najprej obrnete na dobavitelja izdelka.<\/p><p>Paytrail Oyj, y-tunnus: 2122839-7<br \/>Innova 2<br \/>Lutakonaukio 7<br \/>40100 Jyv\u00e4skyl\u00e4<br \/>Puhelin: 0207 181830<br \/>www.paytrail.com<\/p><p><strong>Prilagodljivo pla\u010dilo z ra\u010dunom ali na obroke<\/strong><\/p><p>Jousto je najbolj priro\u010den na\u010din pla\u010dila za spletne trgovine, saj vam omogo\u010da pla\u010dilo z ra\u010dunom Jousto Invoice ali obro\u010dnim pla\u010dilom Jousto Installment v ve\u010d kot 4.000 finskih spletnih trgovinah. Z ra\u010dunom Jousto Invoice imate 14 dni \u010dasa za pla\u010dilo (stro\u0161ek ra\u010duna 4,90 \u20ac), pri obro\u010dnem pla\u010dilu Jousto Installment pa lahko izberete najve\u010dje pla\u010dilno obdobje 12 mesecev (stro\u0161ek ra\u010duna 4,90 \u20ac in mese\u010dna obrestna mera 2,42 %). Za ve\u010d informacij obi\u0161\u010dite www.jousto.com.<br \/>Joustoraha lahko prejmete za nakupe do 1.000 \u20ac v spletnih trgovinah. Joustoraha slu\u017eba za podporo strankam je na voljo od ponedeljka do nedelje med 7.00 in 23.00 na telefonski \u0161tevilki 0800 186 186 ali preko e-po\u0161te: asiakaspalvelu@joustoraha.fi\n.<\/p><p><strong>Pregled izdelka in morebitne napake<\/strong><\/p><p>\u010ce ima izdelek tovarni\u0161ko napako, nas prosim takoj kontaktirajte na: info@evabaits.fi<\/p><p><strong>Vra\u010dila<\/strong><\/p><p>Svoje naro\u010dilo lahko prekli\u010dete in izdelke vrnete v 14 dneh od nakupa. Kupec je odgovoren za stro\u0161ke povratne po\u0161tnine. \u010ce \u017eelite vrniti izdelke, se prosimo obrnite na na\u0161o slu\u017ebo za podporo strankam: <a href=\"mailto:info@evabaits.fi.fi\">info@evabaits.fi<\/a><\/p><p>Zavezujo\u010da prodajna pogodba je sklenjena, ko je naro\u010dilo obdelano. Potrditev naro\u010dila bo poslana stranki po e-po\u0161ti. Ev\u00e4 Baits si pridr\u017euje pravico do prilagoditve cen ter pogojev naro\u010dila in dostave od primera do primera. Vendar mora kupec vedno sprejeti pogoje dostave, preden odda naro\u010dilo.<\/p><p>www.evabaits.fi<\/p><p>Elinbackanpolku 1<\/p><p>01740, Vantaa, Suomi<\/p><p><a href=\"mailto:%20asiakaspalvelu@vesikourut.fi\">info@evabaits.fi<\/a><\/p>\t\t\t\t\t\t\t\t<\/div>\n\t\t\t\t<\/div>\n\t\t\t\t\t<\/div>\n\t\t\t\t<\/div>\n\t\t\t\t<\/div>","protected":false},"excerpt":{"rendered":"<p>Toimitus- ja maksuehdot Toimitusaika Tuotteet toimitetaan aina mahdollisimman nopeasti tilausvahvistuksen saapumisesta. Toimitusaika on riippuvainen valitsemastanne kuljetusyhti\u00f6st\u00e4.\u00a0 Tuotteiden tavallinen toimitusaika suomeen on 2-5 arkip\u00e4iv\u00e4\u00e4. Tuotteiden toimitusaika suomen ulkopuolelle on 4-8 arkip\u00e4iv\u00e4\u00e4.\u00a0 Emme vastaa kuljetusyhti\u00f6ist\u00e4 johtuvista viiv\u00e4stymisist\u00e4 tai viiv\u00e4stysten aiheuttamista v\u00e4lillisist\u00e4 haitoista. Toimitustapa Tuotteet toimitetaan asiakkaan valitsemalla kuljetustavalla Ev\u00e4 Baitsin varastolta. Saat ilmoituksen s\u00e4hk\u00f6postiin, kun tuote on [&hellip;]<\/p>\n","protected":false},"author":1,"featured_media":0,"parent":0,"menu_order":0,"comment_status":"closed","ping_status":"closed","template":"","meta":{"footnotes":""},"class_list":["post-53","page","type-page","status-publish","hentry"],"_links":{"self":[{"href":"https:\/\/evabaits.fi\/si\/wp-json\/wp\/v2\/pages\/53","targetHints":{"allow":["GET"]}}],"collection":[{"href":"https:\/\/evabaits.fi\/si\/wp-json\/wp\/v2\/pages"}],"about":[{"href":"https:\/\/evabaits.fi\/si\/wp-json\/wp\/v2\/types\/page"}],"author":[{"embeddable":true,"href":"https:\/\/evabaits.fi\/si\/wp-json\/wp\/v2\/users\/1"}],"replies":[{"embeddable":true,"href":"https:\/\/evabaits.fi\/si\/wp-json\/wp\/v2\/comments?post=53"}],"version-history":[{"count":20,"href":"https:\/\/evabaits.fi\/si\/wp-json\/wp\/v2\/pages\/53\/revisions"}],"predecessor-version":[{"id":6104,"href":"https:\/\/evabaits.fi\/si\/wp-json\/wp\/v2\/pages\/53\/revisions\/6104"}],"wp:attachment":[{"href":"https:\/\/evabaits.fi\/si\/wp-json\/wp\/v2\/media?parent=53"}],"curies":[{"name":"wp","href":"https:\/\/api.w.org\/{rel}","templated":true}]}}