{"id":4862,"date":"2025-06-02T23:14:14","date_gmt":"2025-06-02T20:14:14","guid":{"rendered":"https:\/\/evabaits.fi\/?post_type=product&#038;p=4862"},"modified":"2026-04-23T23:45:00","modified_gmt":"2026-04-23T20:45:00","slug":"bleak-paddle-tail-17cm","status":"publish","type":"product","link":"https:\/\/evabaits.fi\/si\/tuote\/bleak-paddle-tail-17cm\/","title":{"rendered":"Bleak Paddle Tail 17cm"},"content":{"rendered":"<p><strong>Bleak Paddle Tail 17 cm<\/strong><\/p>\n<p>Bleak Paddle Tail 17 cm on salakasta 3D-mallinnettu jigi. Malli on suunniteltu kuhan t\u00e4sm\u00e4kalastukseen ja heittokalastukseen, ja toimii erityisesti isolle kuhalle sek\u00e4 nirsolle hauelle. Pehme\u00e4 materiaali, herkk\u00e4 uinti ja muotoilu, jossa viehe v\u00e4\u00e4ntyy helposti kalansuuhun, parantavat tartutusta.<\/p>\n<p><strong>Pituus:<\/strong> 17 cm<br \/>\n<strong>Paino:<\/strong> 19 g<br \/>\n<strong>Hinta 6.5e:<\/strong> 1 kpl<\/p>","protected":false},"excerpt":{"rendered":"<p>Bleak Paddle Tail 17 cm Bleak Paddle Tail 17 cm on salakasta 3D-mallinnettu jigi. Malli on suunniteltu kuhan t\u00e4sm\u00e4kalastukseen ja heittokalastukseen, ja toimii erityisesti isolle kuhalle sek\u00e4 nirsolle hauelle. Pehme\u00e4 materiaali, herkk\u00e4 uinti ja muotoilu, jossa viehe v\u00e4\u00e4ntyy helposti kalansuuhun, parantavat tartutusta. Pituus: 17 cm Paino: 19 g Hinta 6.5e: 1 kpl<\/p>","protected":false},"featured_media":5861,"template":"","meta":[],"product_brand":[],"product_cat":[20,18],"product_tag":[],"class_list":{"0":"post-4862","1":"product","2":"type-product","3":"status-publish","4":"has-post-thumbnail","6":"product_cat-hauki","7":"product_cat-kuha","9":"first","10":"instock","11":"taxable","12":"shipping-taxable","13":"purchasable","14":"product-type-variable","15":"wvs-archive-product-wrapper"},"_links":{"self":[{"href":"https:\/\/evabaits.fi\/si\/wp-json\/wp\/v2\/product\/4862","targetHints":{"allow":["GET"]}}],"collection":[{"href":"https:\/\/evabaits.fi\/si\/wp-json\/wp\/v2\/product"}],"about":[{"href":"https:\/\/evabaits.fi\/si\/wp-json\/wp\/v2\/types\/product"}],"version-history":[{"count":3,"href":"https:\/\/evabaits.fi\/si\/wp-json\/wp\/v2\/product\/4862\/revisions"}],"predecessor-version":[{"id":7428,"href":"https:\/\/evabaits.fi\/si\/wp-json\/wp\/v2\/product\/4862\/revisions\/7428"}],"wp:featuredmedia":[{"embeddable":true,"href":"https:\/\/evabaits.fi\/si\/wp-json\/wp\/v2\/media\/5861"}],"wp:attachment":[{"href":"https:\/\/evabaits.fi\/si\/wp-json\/wp\/v2\/media?parent=4862"}],"wp:term":[{"taxonomy":"product_brand","embeddable":true,"href":"https:\/\/evabaits.fi\/si\/wp-json\/wp\/v2\/product_brand?post=4862"},{"taxonomy":"product_cat","embeddable":true,"href":"https:\/\/evabaits.fi\/si\/wp-json\/wp\/v2\/product_cat?post=4862"},{"taxonomy":"product_tag","embeddable":true,"href":"https:\/\/evabaits.fi\/si\/wp-json\/wp\/v2\/product_tag?post=4862"}],"curies":[{"name":"wp","href":"https:\/\/api.w.org\/{rel}","templated":true}]}}