{"id":5458,"date":"2025-07-10T18:57:03","date_gmt":"2025-07-10T15:57:03","guid":{"rendered":"https:\/\/evabaits.fi\/?post_type=product&#038;p=5458"},"modified":"2026-04-23T23:45:00","modified_gmt":"2026-04-23T20:45:00","slug":"smelt-v-tail-17cm","status":"publish","type":"product","link":"https:\/\/evabaits.fi\/si\/tuote\/smelt-v-tail-17cm\/","title":{"rendered":"Smelt V-Tail 17cm"},"content":{"rendered":"<p data-start=\"42\" data-end=\"90\"><strong data-start=\"42\" data-end=\"90\">Smelt V-Tail 17 cm \u2013 Tehokas valinta kuhalle<\/strong><\/p>\n<p data-start=\"92\" data-end=\"321\">Smelt V-Tail on kuoresta mallinnettu viehe, joka on suunniteltu erityisesti kuhan kalastukseen. Sen profiili ja liike j\u00e4ljittelev\u00e4t luonnollista saaliskalaa, mik\u00e4 tekee siit\u00e4 erinomaisen valinnan erityisesti vertikaalijigaukseen.<\/p>\n<p data-start=\"323\" data-end=\"405\">Vieheen V-pyrst\u00f6 tuottaa herkk\u00e4\u00e4 ja houkuttelevaa liikett\u00e4 pienell\u00e4kin liikkeell\u00e4.<\/p>\n<p data-start=\"407\" data-end=\"536\">&#8211; Luonnollinen kuorej\u00e4ljitelm\u00e4<br data-start=\"437\" data-end=\"440\" \/>&#8211; Herkk\u00e4 ja el\u00e4v\u00e4 liike<br data-start=\"463\" data-end=\"466\" \/>&#8211; Toimii erinomaisesti vertikaalijigauksessa<br data-start=\"510\" data-end=\"513\" \/>&#8211; Suunniteltu kuhalle<\/p>\n<p data-start=\"538\" data-end=\"602\"><strong data-start=\"538\" data-end=\"549\">Pituus:<\/strong> 17 cm<br data-start=\"555\" data-end=\"558\" \/><strong data-start=\"558\" data-end=\"568\">Paino:<\/strong> 18 g<br data-start=\"573\" data-end=\"576\" \/><strong data-start=\"576\" data-end=\"594\">Hinta 6.5e:<\/strong> 1 kpl<\/p>","protected":false},"excerpt":{"rendered":"<p>Smelt V-Tail 17 cm \u2013 Tehokas valinta kuhalle Smelt V-Tail on kuoresta mallinnettu viehe, joka on suunniteltu erityisesti kuhan kalastukseen. Sen profiili ja liike j\u00e4ljittelev\u00e4t luonnollista saaliskalaa, mik\u00e4 tekee siit\u00e4 erinomaisen valinnan erityisesti vertikaalijigaukseen. Vieheen V-pyrst\u00f6 tuottaa herkk\u00e4\u00e4 ja houkuttelevaa liikett\u00e4 pienell\u00e4kin liikkeell\u00e4. &#8211; Luonnollinen kuorej\u00e4ljitelm\u00e4&#8211; Herkk\u00e4 ja el\u00e4v\u00e4 liike&#8211; Toimii erinomaisesti vertikaalijigauksessa&#8211; Suunniteltu kuhalle [&hellip;]<\/p>\n","protected":false},"featured_media":7363,"template":"","meta":[],"product_brand":[],"product_cat":[18],"product_tag":[],"class_list":{"0":"post-5458","1":"product","2":"type-product","3":"status-publish","4":"has-post-thumbnail","6":"product_cat-kuha","8":"first","9":"instock","10":"taxable","11":"shipping-taxable","12":"purchasable","13":"product-type-variable","14":"wvs-archive-product-wrapper"},"_links":{"self":[{"href":"https:\/\/evabaits.fi\/si\/wp-json\/wp\/v2\/product\/5458","targetHints":{"allow":["GET"]}}],"collection":[{"href":"https:\/\/evabaits.fi\/si\/wp-json\/wp\/v2\/product"}],"about":[{"href":"https:\/\/evabaits.fi\/si\/wp-json\/wp\/v2\/types\/product"}],"version-history":[{"count":3,"href":"https:\/\/evabaits.fi\/si\/wp-json\/wp\/v2\/product\/5458\/revisions"}],"predecessor-version":[{"id":7410,"href":"https:\/\/evabaits.fi\/si\/wp-json\/wp\/v2\/product\/5458\/revisions\/7410"}],"wp:featuredmedia":[{"embeddable":true,"href":"https:\/\/evabaits.fi\/si\/wp-json\/wp\/v2\/media\/7363"}],"wp:attachment":[{"href":"https:\/\/evabaits.fi\/si\/wp-json\/wp\/v2\/media?parent=5458"}],"wp:term":[{"taxonomy":"product_brand","embeddable":true,"href":"https:\/\/evabaits.fi\/si\/wp-json\/wp\/v2\/product_brand?post=5458"},{"taxonomy":"product_cat","embeddable":true,"href":"https:\/\/evabaits.fi\/si\/wp-json\/wp\/v2\/product_cat?post=5458"},{"taxonomy":"product_tag","embeddable":true,"href":"https:\/\/evabaits.fi\/si\/wp-json\/wp\/v2\/product_tag?post=5458"}],"curies":[{"name":"wp","href":"https:\/\/api.w.org\/{rel}","templated":true}]}}