{"id":6062,"date":"2025-09-10T01:13:14","date_gmt":"2025-09-09T22:13:14","guid":{"rendered":"https:\/\/evabaits.fi\/?post_type=product&#038;p=6062"},"modified":"2026-04-23T20:08:20","modified_gmt":"2026-04-23T17:08:20","slug":"river-crab-9cm","status":"publish","type":"product","link":"https:\/\/evabaits.fi\/si\/tuote\/river-crab-9cm\/","title":{"rendered":"River Crab 9cm"},"content":{"rendered":"<p data-start=\"57\" data-end=\"90\"><strong data-start=\"57\" data-end=\"90\">River Crab \u2013 Ahvenen t\u00e4sm\u00e4ase<\/strong><\/p>\n<p data-start=\"92\" data-end=\"308\">River Crab on suunniteltu erityisesti ahvenen kalastukseen. Viehe on 3D-mallinnettu aidosta jokiravusta ja siihen on lis\u00e4tty tarkoin harkittuja yksityiskohtia, jotka parantavat sen uintia ja houkuttelevuutta vedess\u00e4.<\/p>\n<p data-start=\"310\" data-end=\"461\">Materiaali on kelluva, mutta ei ole TPE, joten voit s\u00e4ilytt\u00e4\u00e4 sen turvallisesti muiden tavallisten vieheiden kanssa ilman sulamisriski\u00e4.<\/p>\n<p data-start=\"463\" data-end=\"587\">&#8211; Realistinen rapuj\u00e4ljitelm\u00e4<br data-start=\"491\" data-end=\"494\" \/>&#8211; Herkk\u00e4 ja el\u00e4v\u00e4 uinti<br data-start=\"517\" data-end=\"520\" \/>&#8211; Kelluva materiaali<br data-start=\"540\" data-end=\"543\" \/>&#8211; Helppo s\u00e4ilytt\u00e4\u00e4 muiden vieheiden kanssa<\/p>\n<p data-start=\"589\" data-end=\"632\"><strong data-start=\"589\" data-end=\"599\">Paino:<\/strong> 6 g<br data-start=\"603\" data-end=\"606\" \/><strong data-start=\"606\" data-end=\"624\">Hinnat 2.6e:<\/strong> 1 kpl<\/p>","protected":false},"excerpt":{"rendered":"<p>River Crab \u2013 Ahvenen t\u00e4sm\u00e4ase River Crab on suunniteltu erityisesti ahvenen kalastukseen. Viehe on 3D-mallinnettu aidosta jokiravusta ja siihen on lis\u00e4tty tarkoin harkittuja yksityiskohtia, jotka parantavat sen uintia ja houkuttelevuutta vedess\u00e4. Materiaali on kelluva, mutta ei ole TPE, joten voit s\u00e4ilytt\u00e4\u00e4 sen turvallisesti muiden tavallisten vieheiden kanssa ilman sulamisriski\u00e4. &#8211; Realistinen rapuj\u00e4ljitelm\u00e4&#8211; Herkk\u00e4 ja el\u00e4v\u00e4 [&hellip;]<\/p>\n","protected":false},"featured_media":7271,"template":"","meta":[],"product_brand":[],"product_cat":[19,18],"product_tag":[],"class_list":{"0":"post-6062","1":"product","2":"type-product","3":"status-publish","4":"has-post-thumbnail","6":"product_cat-ahven","7":"product_cat-kuha","9":"first","10":"instock","11":"taxable","12":"shipping-taxable","13":"purchasable","14":"product-type-variable","15":"wvs-archive-product-wrapper"},"_links":{"self":[{"href":"https:\/\/evabaits.fi\/si\/wp-json\/wp\/v2\/product\/6062","targetHints":{"allow":["GET"]}}],"collection":[{"href":"https:\/\/evabaits.fi\/si\/wp-json\/wp\/v2\/product"}],"about":[{"href":"https:\/\/evabaits.fi\/si\/wp-json\/wp\/v2\/types\/product"}],"version-history":[{"count":2,"href":"https:\/\/evabaits.fi\/si\/wp-json\/wp\/v2\/product\/6062\/revisions"}],"predecessor-version":[{"id":7408,"href":"https:\/\/evabaits.fi\/si\/wp-json\/wp\/v2\/product\/6062\/revisions\/7408"}],"wp:featuredmedia":[{"embeddable":true,"href":"https:\/\/evabaits.fi\/si\/wp-json\/wp\/v2\/media\/7271"}],"wp:attachment":[{"href":"https:\/\/evabaits.fi\/si\/wp-json\/wp\/v2\/media?parent=6062"}],"wp:term":[{"taxonomy":"product_brand","embeddable":true,"href":"https:\/\/evabaits.fi\/si\/wp-json\/wp\/v2\/product_brand?post=6062"},{"taxonomy":"product_cat","embeddable":true,"href":"https:\/\/evabaits.fi\/si\/wp-json\/wp\/v2\/product_cat?post=6062"},{"taxonomy":"product_tag","embeddable":true,"href":"https:\/\/evabaits.fi\/si\/wp-json\/wp\/v2\/product_tag?post=6062"}],"curies":[{"name":"wp","href":"https:\/\/api.w.org\/{rel}","templated":true}]}}