{"id":6957,"date":"2026-02-20T17:11:36","date_gmt":"2026-02-20T15:11:36","guid":{"rendered":"https:\/\/evabaits.fi\/?post_type=product&#038;p=6957"},"modified":"2026-04-23T20:57:27","modified_gmt":"2026-04-23T17:57:27","slug":"classic-v-tail-15cm","status":"publish","type":"product","link":"https:\/\/evabaits.fi\/si\/tuote\/classic-v-tail-15cm\/","title":{"rendered":"Classic V-Tail 15cm"},"content":{"rendered":"<p data-start=\"5\" data-end=\"23\"><strong data-start=\"5\" data-end=\"23\">Classic V-Tail<\/strong><\/p>\n<p data-start=\"25\" data-end=\"200\">Classic V-Tail on perinteisen mallinen herkk\u00e4uintinen vertikaalijigi. Malli on suunniteltu kuhalle ja toimii vertikaalijigauksessa, kuhan pilkinn\u00e4ss\u00e4 sek\u00e4 heittokalastuksessa.<\/p>\n<p data-start=\"25\" data-end=\"200\">T\u00e4m\u00e4n mallin v\u00e4rit ovat kummatkin valuv\u00e4rej\u00e4. Valmistuksessa on k\u00e4ytetty paljon kierr\u00e4tys massaa.<\/p>\n<p data-start=\"202\" data-end=\"269\"><strong data-start=\"202\" data-end=\"212\">Paino:<\/strong> 8 g<br data-start=\"216\" data-end=\"219\" \/><strong data-start=\"219\" data-end=\"239\">Suositus koukku:<\/strong> 5\/0<br data-start=\"243\" data-end=\"246\" \/><strong data-start=\"246\" data-end=\"261\" data-is-only-node=\"\">Hinta 2.9e:<\/strong> 1 kpl<\/p>\n<p>&nbsp;<\/p>","protected":false},"excerpt":{"rendered":"<p>Classic V-Tail Classic V-Tail on perinteisen mallinen herkk\u00e4uintinen vertikaalijigi. Malli on suunniteltu kuhalle ja toimii vertikaalijigauksessa, kuhan pilkinn\u00e4ss\u00e4 sek\u00e4 heittokalastuksessa. T\u00e4m\u00e4n mallin v\u00e4rit ovat kummatkin valuv\u00e4rej\u00e4. Valmistuksessa on k\u00e4ytetty paljon kierr\u00e4tys massaa. Paino: 8 gSuositus koukku: 5\/0Hinta 2.9e: 1 kpl &nbsp;<\/p>","protected":false},"featured_media":7423,"template":"","meta":[],"product_brand":[],"product_cat":[18],"product_tag":[],"class_list":{"0":"post-6957","1":"product","2":"type-product","3":"status-publish","4":"has-post-thumbnail","6":"product_cat-kuha","8":"first","9":"instock","10":"taxable","11":"shipping-taxable","12":"purchasable","13":"product-type-variable","14":"wvs-archive-product-wrapper"},"_links":{"self":[{"href":"https:\/\/evabaits.fi\/si\/wp-json\/wp\/v2\/product\/6957","targetHints":{"allow":["GET"]}}],"collection":[{"href":"https:\/\/evabaits.fi\/si\/wp-json\/wp\/v2\/product"}],"about":[{"href":"https:\/\/evabaits.fi\/si\/wp-json\/wp\/v2\/types\/product"}],"version-history":[{"count":3,"href":"https:\/\/evabaits.fi\/si\/wp-json\/wp\/v2\/product\/6957\/revisions"}],"predecessor-version":[{"id":7421,"href":"https:\/\/evabaits.fi\/si\/wp-json\/wp\/v2\/product\/6957\/revisions\/7421"}],"wp:featuredmedia":[{"embeddable":true,"href":"https:\/\/evabaits.fi\/si\/wp-json\/wp\/v2\/media\/7423"}],"wp:attachment":[{"href":"https:\/\/evabaits.fi\/si\/wp-json\/wp\/v2\/media?parent=6957"}],"wp:term":[{"taxonomy":"product_brand","embeddable":true,"href":"https:\/\/evabaits.fi\/si\/wp-json\/wp\/v2\/product_brand?post=6957"},{"taxonomy":"product_cat","embeddable":true,"href":"https:\/\/evabaits.fi\/si\/wp-json\/wp\/v2\/product_cat?post=6957"},{"taxonomy":"product_tag","embeddable":true,"href":"https:\/\/evabaits.fi\/si\/wp-json\/wp\/v2\/product_tag?post=6957"}],"curies":[{"name":"wp","href":"https:\/\/api.w.org\/{rel}","templated":true}]}}