{"id":7348,"date":"2026-04-19T22:34:47","date_gmt":"2026-04-19T19:34:47","guid":{"rendered":"https:\/\/evabaits.fi\/?post_type=product&#038;p=7348"},"modified":"2026-04-23T23:45:00","modified_gmt":"2026-04-23T20:45:00","slug":"bleak-spike-tail-10cm-old-model","status":"publish","type":"product","link":"https:\/\/evabaits.fi\/si\/tuote\/bleak-spike-tail-10cm-old-model\/","title":{"rendered":"Bleak Spike Tail 10cm OLD MODEL"},"content":{"rendered":"<p>Viimeiset Bleak Spike Tail 10cm vanhaa mallia! N\u00e4it\u00e4 ei tule en\u00e4\u00e4n myyntiin. Todella toimiva tuote mutta uusi isompi muotti korvasi t\u00e4m\u00e4n.<\/p>","protected":false},"excerpt":{"rendered":"<p>Viimeiset Bleak Spike Tail 10cm vanhaa mallia! N\u00e4it\u00e4 ei tule en\u00e4\u00e4n myyntiin. Todella toimiva tuote mutta uusi isompi muotti korvasi t\u00e4m\u00e4n.<\/p>","protected":false},"featured_media":7341,"template":"","meta":[],"product_brand":[],"product_cat":[77],"product_tag":[],"class_list":{"0":"post-7348","1":"product","2":"type-product","3":"status-publish","4":"has-post-thumbnail","6":"product_cat-outlet","8":"first","9":"instock","10":"sale","11":"taxable","12":"shipping-taxable","13":"purchasable","14":"product-type-variable","15":"wvs-archive-product-wrapper"},"_links":{"self":[{"href":"https:\/\/evabaits.fi\/si\/wp-json\/wp\/v2\/product\/7348","targetHints":{"allow":["GET"]}}],"collection":[{"href":"https:\/\/evabaits.fi\/si\/wp-json\/wp\/v2\/product"}],"about":[{"href":"https:\/\/evabaits.fi\/si\/wp-json\/wp\/v2\/types\/product"}],"version-history":[{"count":1,"href":"https:\/\/evabaits.fi\/si\/wp-json\/wp\/v2\/product\/7348\/revisions"}],"predecessor-version":[{"id":7356,"href":"https:\/\/evabaits.fi\/si\/wp-json\/wp\/v2\/product\/7348\/revisions\/7356"}],"wp:featuredmedia":[{"embeddable":true,"href":"https:\/\/evabaits.fi\/si\/wp-json\/wp\/v2\/media\/7341"}],"wp:attachment":[{"href":"https:\/\/evabaits.fi\/si\/wp-json\/wp\/v2\/media?parent=7348"}],"wp:term":[{"taxonomy":"product_brand","embeddable":true,"href":"https:\/\/evabaits.fi\/si\/wp-json\/wp\/v2\/product_brand?post=7348"},{"taxonomy":"product_cat","embeddable":true,"href":"https:\/\/evabaits.fi\/si\/wp-json\/wp\/v2\/product_cat?post=7348"},{"taxonomy":"product_tag","embeddable":true,"href":"https:\/\/evabaits.fi\/si\/wp-json\/wp\/v2\/product_tag?post=7348"}],"curies":[{"name":"wp","href":"https:\/\/api.w.org\/{rel}","templated":true}]}}